{"id":17716,"date":"2024-09-22T03:38:41","date_gmt":"2024-09-22T03:38:41","guid":{"rendered":"https:\/\/atreveteacomprar.com\/?post_type=product&#038;p=17716"},"modified":"2025-09-05T21:20:21","modified_gmt":"2025-09-05T21:20:21","slug":"smartband-t800-negro-y-naranja","status":"publish","type":"product","link":"https:\/\/atreveteacomprar.com\/index.php\/producto\/smartband-t800-negro-y-naranja\/","title":{"rendered":"Smartband T800 (Negro y Naranja)"},"content":{"rendered":"<p>Versi\u00f3n del smartwatch: Sport<br \/>\nMemoria interna de 128MB y RAM de 128MB.<br \/>\nConectividad por Bluetooth y wifi.<br \/>\nBater\u00eda con carga r\u00e1pida.<br \/>\nCon GPS integrado.<br \/>\nCon pantalla LCD de 425pxx518px.<br \/>\nCapacidad de bater\u00eda 180 mAh<br \/>\nAlarma, Alerta de vibraci\u00f3n, Aplicaci\u00f3n deportiva, Asistente virtual, Calculadora, Control de m\u00fasica, Medidor de frecuencia card\u00edaca, Medidor de ox\u00edgeno, Mensaje push, Monitor de sue\u00f1o, Recordatorio anti sedentarismo, Recordatorio de hidrataci\u00f3n, Temporizador, Linterna, Gesti\u00f3n de llamadas<br \/>\nAndroid &amp; IOS<\/p>\n","protected":false},"excerpt":{"rendered":"<p>Versi\u00f3n del smartwatch: Sport Memoria interna de 128MB y RAM de 128MB. Conectividad por Bluetooth y wifi. Bater\u00eda con carga<\/p>\n","protected":false},"featured_media":17717,"comment_status":"open","ping_status":"closed","template":"","meta":[],"product_brand":[],"product_cat":[130],"product_tag":[],"class_list":{"0":"post-17716","1":"product","2":"type-product","3":"status-publish","4":"has-post-thumbnail","6":"product_cat-smartwatch","8":"first","9":"instock","10":"shipping-taxable","11":"product-type-simple"},"_links":{"self":[{"href":"https:\/\/atreveteacomprar.com\/index.php\/wp-json\/wp\/v2\/product\/17716","targetHints":{"allow":["GET"]}}],"collection":[{"href":"https:\/\/atreveteacomprar.com\/index.php\/wp-json\/wp\/v2\/product"}],"about":[{"href":"https:\/\/atreveteacomprar.com\/index.php\/wp-json\/wp\/v2\/types\/product"}],"replies":[{"embeddable":true,"href":"https:\/\/atreveteacomprar.com\/index.php\/wp-json\/wp\/v2\/comments?post=17716"}],"version-history":[{"count":1,"href":"https:\/\/atreveteacomprar.com\/index.php\/wp-json\/wp\/v2\/product\/17716\/revisions"}],"predecessor-version":[{"id":17723,"href":"https:\/\/atreveteacomprar.com\/index.php\/wp-json\/wp\/v2\/product\/17716\/revisions\/17723"}],"wp:featuredmedia":[{"embeddable":true,"href":"https:\/\/atreveteacomprar.com\/index.php\/wp-json\/wp\/v2\/media\/17717"}],"wp:attachment":[{"href":"https:\/\/atreveteacomprar.com\/index.php\/wp-json\/wp\/v2\/media?parent=17716"}],"wp:term":[{"taxonomy":"product_brand","embeddable":true,"href":"https:\/\/atreveteacomprar.com\/index.php\/wp-json\/wp\/v2\/product_brand?post=17716"},{"taxonomy":"product_cat","embeddable":true,"href":"https:\/\/atreveteacomprar.com\/index.php\/wp-json\/wp\/v2\/product_cat?post=17716"},{"taxonomy":"product_tag","embeddable":true,"href":"https:\/\/atreveteacomprar.com\/index.php\/wp-json\/wp\/v2\/product_tag?post=17716"}],"curies":[{"name":"wp","href":"https:\/\/api.w.org\/{rel}","templated":true}]}}