{"id":17724,"date":"2024-09-22T03:41:42","date_gmt":"2024-09-22T03:41:42","guid":{"rendered":"https:\/\/atreveteacomprar.com\/?post_type=product&#038;p=17724"},"modified":"2025-09-05T21:20:21","modified_gmt":"2025-09-05T21:20:21","slug":"reloj-inteligente-smart-watch-6","status":"publish","type":"product","link":"https:\/\/atreveteacomprar.com\/index.php\/producto\/reloj-inteligente-smart-watch-6\/","title":{"rendered":"Reloj inteligente Smart Watch 6"},"content":{"rendered":"<p>Bluetooth<br \/>\nIdiomas: ingl\u00e9s, portugu\u00e9s, ruso, espa\u00f1ol, turco.<br \/>\nAsistente de voz<br \/>\nCalendario<br \/>\nClima<br \/>\nLlamadas marcar y contestar<br \/>\nAgenda<br \/>\nConsumo de calor\u00edas<br \/>\nCron\u00f3metro<br \/>\nNotificaciones<br \/>\nControl de pasos<br \/>\nAndroid &amp; IOS<\/p>\n","protected":false},"excerpt":{"rendered":"<p>Bluetooth Idiomas: ingl\u00e9s, portugu\u00e9s, ruso, espa\u00f1ol, turco. Asistente de voz Calendario Clima Llamadas marcar y contestar Agenda Consumo de calor\u00edas<\/p>\n","protected":false},"featured_media":17725,"comment_status":"open","ping_status":"closed","template":"","meta":[],"product_brand":[],"product_cat":[130],"product_tag":[],"class_list":{"0":"post-17724","1":"product","2":"type-product","3":"status-publish","4":"has-post-thumbnail","6":"product_cat-smartwatch","8":"first","9":"instock","10":"shipping-taxable","11":"product-type-simple"},"_links":{"self":[{"href":"https:\/\/atreveteacomprar.com\/index.php\/wp-json\/wp\/v2\/product\/17724","targetHints":{"allow":["GET"]}}],"collection":[{"href":"https:\/\/atreveteacomprar.com\/index.php\/wp-json\/wp\/v2\/product"}],"about":[{"href":"https:\/\/atreveteacomprar.com\/index.php\/wp-json\/wp\/v2\/types\/product"}],"replies":[{"embeddable":true,"href":"https:\/\/atreveteacomprar.com\/index.php\/wp-json\/wp\/v2\/comments?post=17724"}],"version-history":[{"count":1,"href":"https:\/\/atreveteacomprar.com\/index.php\/wp-json\/wp\/v2\/product\/17724\/revisions"}],"predecessor-version":[{"id":17728,"href":"https:\/\/atreveteacomprar.com\/index.php\/wp-json\/wp\/v2\/product\/17724\/revisions\/17728"}],"wp:featuredmedia":[{"embeddable":true,"href":"https:\/\/atreveteacomprar.com\/index.php\/wp-json\/wp\/v2\/media\/17725"}],"wp:attachment":[{"href":"https:\/\/atreveteacomprar.com\/index.php\/wp-json\/wp\/v2\/media?parent=17724"}],"wp:term":[{"taxonomy":"product_brand","embeddable":true,"href":"https:\/\/atreveteacomprar.com\/index.php\/wp-json\/wp\/v2\/product_brand?post=17724"},{"taxonomy":"product_cat","embeddable":true,"href":"https:\/\/atreveteacomprar.com\/index.php\/wp-json\/wp\/v2\/product_cat?post=17724"},{"taxonomy":"product_tag","embeddable":true,"href":"https:\/\/atreveteacomprar.com\/index.php\/wp-json\/wp\/v2\/product_tag?post=17724"}],"curies":[{"name":"wp","href":"https:\/\/api.w.org\/{rel}","templated":true}]}}