{"id":17729,"date":"2024-09-22T03:42:34","date_gmt":"2024-09-22T03:42:34","guid":{"rendered":"https:\/\/atreveteacomprar.com\/?post_type=product&#038;p=17729"},"modified":"2025-09-05T21:20:21","modified_gmt":"2025-09-05T21:20:21","slug":"reloj-inteligente-smart-watch-t2-pro","status":"publish","type":"product","link":"https:\/\/atreveteacomprar.com\/index.php\/producto\/reloj-inteligente-smart-watch-t2-pro\/","title":{"rendered":"Reloj Inteligente Smart Watch T2 Pro"},"content":{"rendered":"<p>Notificaciones<br \/>\nAndroid &amp; IOS<br \/>\nPantalla T\u00e1ctil<br \/>\nBluetooth<br \/>\nSensor de frecuencia cardiaca<br \/>\nIdioma: chino simplificado, ingl\u00e9s, franc\u00e9s, espa\u00f1ol, portugu\u00e9s, ruso, alem\u00e1n, holand\u00e9s, turco, malayo, polaco, checo, eslovaco, \u00e1rabe, italiano, tailand\u00e9s<br \/>\nResistente al agua<br \/>\nDuraci\u00f3n 5-7 d\u00edas<\/p>\n","protected":false},"excerpt":{"rendered":"<p>Notificaciones Android &amp; IOS Pantalla T\u00e1ctil Bluetooth Sensor de frecuencia cardiaca Idioma: chino simplificado, ingl\u00e9s, franc\u00e9s, espa\u00f1ol, portugu\u00e9s, ruso, alem\u00e1n,<\/p>\n","protected":false},"featured_media":17730,"comment_status":"open","ping_status":"closed","template":"","meta":[],"product_brand":[],"product_cat":[130],"product_tag":[],"class_list":{"0":"post-17729","1":"product","2":"type-product","3":"status-publish","4":"has-post-thumbnail","6":"product_cat-smartwatch","8":"first","9":"instock","10":"shipping-taxable","11":"product-type-simple"},"_links":{"self":[{"href":"https:\/\/atreveteacomprar.com\/index.php\/wp-json\/wp\/v2\/product\/17729","targetHints":{"allow":["GET"]}}],"collection":[{"href":"https:\/\/atreveteacomprar.com\/index.php\/wp-json\/wp\/v2\/product"}],"about":[{"href":"https:\/\/atreveteacomprar.com\/index.php\/wp-json\/wp\/v2\/types\/product"}],"replies":[{"embeddable":true,"href":"https:\/\/atreveteacomprar.com\/index.php\/wp-json\/wp\/v2\/comments?post=17729"}],"version-history":[{"count":1,"href":"https:\/\/atreveteacomprar.com\/index.php\/wp-json\/wp\/v2\/product\/17729\/revisions"}],"predecessor-version":[{"id":17733,"href":"https:\/\/atreveteacomprar.com\/index.php\/wp-json\/wp\/v2\/product\/17729\/revisions\/17733"}],"wp:featuredmedia":[{"embeddable":true,"href":"https:\/\/atreveteacomprar.com\/index.php\/wp-json\/wp\/v2\/media\/17730"}],"wp:attachment":[{"href":"https:\/\/atreveteacomprar.com\/index.php\/wp-json\/wp\/v2\/media?parent=17729"}],"wp:term":[{"taxonomy":"product_brand","embeddable":true,"href":"https:\/\/atreveteacomprar.com\/index.php\/wp-json\/wp\/v2\/product_brand?post=17729"},{"taxonomy":"product_cat","embeddable":true,"href":"https:\/\/atreveteacomprar.com\/index.php\/wp-json\/wp\/v2\/product_cat?post=17729"},{"taxonomy":"product_tag","embeddable":true,"href":"https:\/\/atreveteacomprar.com\/index.php\/wp-json\/wp\/v2\/product_tag?post=17729"}],"curies":[{"name":"wp","href":"https:\/\/api.w.org\/{rel}","templated":true}]}}