{"id":17734,"date":"2024-09-22T03:43:58","date_gmt":"2024-09-22T03:43:58","guid":{"rendered":"https:\/\/atreveteacomprar.com\/?post_type=product&#038;p=17734"},"modified":"2025-09-05T21:20:21","modified_gmt":"2025-09-05T21:20:21","slug":"reloj-smart-watch-kd99-ultra-serie-8","status":"publish","type":"product","link":"https:\/\/atreveteacomprar.com\/index.php\/producto\/reloj-smart-watch-kd99-ultra-serie-8\/","title":{"rendered":"Reloj Smart Watch KD99 Ultra Serie 8"},"content":{"rendered":"<p>Bluetooth v4.0 \u2013 v5.0<br \/>\nLlamadas<br \/>\nPantalla t\u00e1ctil<br \/>\nBater\u00eda 180 mAh<br \/>\nControl de movimiento: pod\u00f3metro (tiempo de ejercicio, kilometraje, calor\u00edas), modo de ejercicio (caminar, correr, escalar, ciclismo, correr en interiores)<br \/>\n3. Monitoreo de salud: frecuencia card\u00edaca\/presi\u00f3n arterial\/ox\u00edgeno en sangre\/medici\u00f3n, recordatorio de sedentarismo, monitoreo del sue\u00f1o, recordatorio de agua potable, ejercicio de respiraci\u00f3n.<br \/>\nIdioma: Ingl\u00e9s (por defecto), chino simplificado, franc\u00e9s, espa\u00f1ol, polaco, portugu\u00e9s, italiano, alem\u00e1n, turco, ruso, checo, \u00e1rabe, h\u00fangaro, griego, persa, Filipino, malayo, indonesio, vietnamita, Sueco<\/p>\n","protected":false},"excerpt":{"rendered":"<p>Bluetooth v4.0 \u2013 v5.0 Llamadas Pantalla t\u00e1ctil Bater\u00eda 180 mAh Control de movimiento: pod\u00f3metro (tiempo de ejercicio, kilometraje, calor\u00edas), modo<\/p>\n","protected":false},"featured_media":17735,"comment_status":"open","ping_status":"closed","template":"","meta":[],"product_brand":[],"product_cat":[130],"product_tag":[],"class_list":{"0":"post-17734","1":"product","2":"type-product","3":"status-publish","4":"has-post-thumbnail","6":"product_cat-smartwatch","8":"first","9":"instock","10":"shipping-taxable","11":"product-type-simple"},"_links":{"self":[{"href":"https:\/\/atreveteacomprar.com\/index.php\/wp-json\/wp\/v2\/product\/17734","targetHints":{"allow":["GET"]}}],"collection":[{"href":"https:\/\/atreveteacomprar.com\/index.php\/wp-json\/wp\/v2\/product"}],"about":[{"href":"https:\/\/atreveteacomprar.com\/index.php\/wp-json\/wp\/v2\/types\/product"}],"replies":[{"embeddable":true,"href":"https:\/\/atreveteacomprar.com\/index.php\/wp-json\/wp\/v2\/comments?post=17734"}],"version-history":[{"count":1,"href":"https:\/\/atreveteacomprar.com\/index.php\/wp-json\/wp\/v2\/product\/17734\/revisions"}],"predecessor-version":[{"id":17738,"href":"https:\/\/atreveteacomprar.com\/index.php\/wp-json\/wp\/v2\/product\/17734\/revisions\/17738"}],"wp:featuredmedia":[{"embeddable":true,"href":"https:\/\/atreveteacomprar.com\/index.php\/wp-json\/wp\/v2\/media\/17735"}],"wp:attachment":[{"href":"https:\/\/atreveteacomprar.com\/index.php\/wp-json\/wp\/v2\/media?parent=17734"}],"wp:term":[{"taxonomy":"product_brand","embeddable":true,"href":"https:\/\/atreveteacomprar.com\/index.php\/wp-json\/wp\/v2\/product_brand?post=17734"},{"taxonomy":"product_cat","embeddable":true,"href":"https:\/\/atreveteacomprar.com\/index.php\/wp-json\/wp\/v2\/product_cat?post=17734"},{"taxonomy":"product_tag","embeddable":true,"href":"https:\/\/atreveteacomprar.com\/index.php\/wp-json\/wp\/v2\/product_tag?post=17734"}],"curies":[{"name":"wp","href":"https:\/\/api.w.org\/{rel}","templated":true}]}}