{"id":17739,"date":"2024-09-22T03:47:58","date_gmt":"2024-09-22T03:47:58","guid":{"rendered":"https:\/\/atreveteacomprar.com\/?post_type=product&#038;p=17739"},"modified":"2025-09-06T17:55:52","modified_gmt":"2025-09-06T22:55:52","slug":"smartwatch-heatz-hw2","status":"publish","type":"product","link":"https:\/\/atreveteacomprar.com\/index.php\/producto\/smartwatch-heatz-hw2\/","title":{"rendered":"Smartwatch HEATZ HW2"},"content":{"rendered":"<p>Pantalla t\u00e1ctil<br \/>\nGPS<br \/>\nContador de pasos, Control de m\u00fasica, GPS incorporado, Monitor de frecuencia card\u00edaca, Monitoreo del sue\u00f1o, Notificaciones inteligentes, Seguimiento de la actividad f\u00edsica<br \/>\nAndroid &amp; IOS<\/p>\n","protected":false},"excerpt":{"rendered":"<p>Pantalla t\u00e1ctil GPS Contador de pasos, Control de m\u00fasica, GPS incorporado, Monitor de frecuencia card\u00edaca, Monitoreo del sue\u00f1o, Notificaciones inteligentes,<\/p>\n","protected":false},"featured_media":17740,"comment_status":"open","ping_status":"closed","template":"","meta":[],"product_brand":[98],"product_cat":[130],"product_tag":[156],"class_list":{"0":"post-17739","1":"product","2":"type-product","3":"status-publish","4":"has-post-thumbnail","6":"product_brand-audifonos-heatz","7":"product_cat-smartwatch","8":"product_tag-smartwatch-heatz","10":"first","11":"instock","12":"shipping-taxable","13":"purchasable","14":"product-type-simple"},"_links":{"self":[{"href":"https:\/\/atreveteacomprar.com\/index.php\/wp-json\/wp\/v2\/product\/17739","targetHints":{"allow":["GET"]}}],"collection":[{"href":"https:\/\/atreveteacomprar.com\/index.php\/wp-json\/wp\/v2\/product"}],"about":[{"href":"https:\/\/atreveteacomprar.com\/index.php\/wp-json\/wp\/v2\/types\/product"}],"replies":[{"embeddable":true,"href":"https:\/\/atreveteacomprar.com\/index.php\/wp-json\/wp\/v2\/comments?post=17739"}],"version-history":[{"count":1,"href":"https:\/\/atreveteacomprar.com\/index.php\/wp-json\/wp\/v2\/product\/17739\/revisions"}],"predecessor-version":[{"id":17746,"href":"https:\/\/atreveteacomprar.com\/index.php\/wp-json\/wp\/v2\/product\/17739\/revisions\/17746"}],"wp:featuredmedia":[{"embeddable":true,"href":"https:\/\/atreveteacomprar.com\/index.php\/wp-json\/wp\/v2\/media\/17740"}],"wp:attachment":[{"href":"https:\/\/atreveteacomprar.com\/index.php\/wp-json\/wp\/v2\/media?parent=17739"}],"wp:term":[{"taxonomy":"product_brand","embeddable":true,"href":"https:\/\/atreveteacomprar.com\/index.php\/wp-json\/wp\/v2\/product_brand?post=17739"},{"taxonomy":"product_cat","embeddable":true,"href":"https:\/\/atreveteacomprar.com\/index.php\/wp-json\/wp\/v2\/product_cat?post=17739"},{"taxonomy":"product_tag","embeddable":true,"href":"https:\/\/atreveteacomprar.com\/index.php\/wp-json\/wp\/v2\/product_tag?post=17739"}],"curies":[{"name":"wp","href":"https:\/\/api.w.org\/{rel}","templated":true}]}}