{"id":19896,"date":"2025-07-15T13:44:47","date_gmt":"2025-07-15T13:44:47","guid":{"rendered":"https:\/\/atreveteacomprar.com\/?post_type=product&#038;p=19896"},"modified":"2025-09-06T18:07:11","modified_gmt":"2025-09-06T23:07:11","slug":"samsung-galaxy-m55-5g-256gb-8","status":"publish","type":"product","link":"https:\/\/atreveteacomprar.com\/index.php\/producto\/samsung-galaxy-m55-5g-256gb-8\/","title":{"rendered":"SAMSUNG GALAXY M55 5G 256GB\/8"},"content":{"rendered":"<p><strong>CARACTER\u00cdSTICAS Y ESPECIFICACIONES<\/strong><\/p>\n<p><strong>RED<\/strong><\/p>\n<ul>\n<li><strong>Tecnolog\u00eda:<\/strong>\u00a0GSM \/ HSPA \/ LTE \/ 5G<\/li>\n<\/ul>\n<p><strong>ESTRUCTURA<\/strong><\/p>\n<ul>\n<li><strong>Dimensiones:<\/strong>\u00a0163.9 x 76.5 x 7.8 mm<\/li>\n<li><strong>Peso:<\/strong>\u00a0180 g<\/li>\n<li><strong>SIM:<\/strong>\u00a0Nano-SIM + Nano-SIM<\/li>\n<\/ul>\n<p><strong>PANTALLA<\/strong><\/p>\n<ul>\n<li><strong>Tipo:<\/strong>\u00a0Super AMOLED+, 120Hz, 1000 nits (HBM)<\/li>\n<li><strong>Tama\u00f1o:<\/strong>\u00a06.7 pulgadas (~86.4% relaci\u00f3n pantalla-cuerpo)<\/li>\n<li><strong>Resoluci\u00f3n:<\/strong>\u00a01080 x 2400 p\u00edxeles (~393 ppi)<\/li>\n<li><strong>Funciones adicionales:<\/strong>\u00a0Always-on display<\/li>\n<\/ul>\n<p><strong>PLATAFORMA<\/strong><\/p>\n<ul>\n<li><strong>Sistema operativo:<\/strong>\u00a0Android 14, One UI 6.1<\/li>\n<li><strong>Chipset:<\/strong>\u00a0Qualcomm SM7450-AB Snapdragon 7 Gen 1 (4 nm)<\/li>\n<li><strong>CPU:<\/strong>\u00a0Octa-core (1\u00d72.4 GHz Cortex-A710 &amp; 3\u00d72.36 GHz Cortex-A710 &amp; 4\u00d71.8 GHz Cortex-A510)<\/li>\n<li><strong>GPU:<\/strong>\u00a0Adreno 644<\/li>\n<\/ul>\n<p><strong>MEMORIA<\/strong><\/p>\n<ul>\n<li><strong>Interna:<\/strong>\u00a0128GB 8GB RAM, 256GB 8GB RAM, 256GB 12GB RAM<\/li>\n<li><strong>Ranura para tarjeta:<\/strong>\u00a0microSDXC (usa la ranura SIM compartida)<\/li>\n<\/ul>\n<p><strong>C\u00c1MARA PRINCIPAL<\/strong><\/p>\n<ul>\n<li><strong>Triple:<\/strong>\n<ul>\n<li>50 MP, f\/1.8 (gran angular), PDAF, OIS<\/li>\n<li>8 MP, f\/2.2 (ultra gran angular, 123\u02da)<\/li>\n<li>2 MP, f\/2.4 (macro)<\/li>\n<\/ul>\n<\/li>\n<li><strong>Caracter\u00edsticas:<\/strong>\u00a0Flash LED, HDR, panorama<\/li>\n<li><strong>Video:<\/strong>\u00a04K@30fps, 1080p@30\/60fps, gyro-EIS, OIS<\/li>\n<\/ul>\n<p><strong>C\u00c1MARA FRONTAL<\/strong><\/p>\n<ul>\n<li><strong>\u00danica:<\/strong>\u00a050 MP, f\/2.4 (gran angular)<\/li>\n<li><strong>Video:<\/strong>\u00a04K@30fps, 1080p@30\/60fps<\/li>\n<\/ul>\n<p><strong>SONIDO<\/strong><\/p>\n<ul>\n<li><strong>Altavoces:<\/strong>\u00a0S\u00ed, con altavoces est\u00e9reo<\/li>\n<li><strong>Conector 3.5mm:<\/strong>\u00a0No<\/li>\n<\/ul>\n<p><strong>COMUNICACIONES<\/strong><\/p>\n<ul>\n<li><strong>WLAN:<\/strong>\u00a0Wi-Fi 802.11 a\/b\/g\/n\/ac\/6, doble banda, Wi-Fi Direct<\/li>\n<li><strong>Bluetooth:<\/strong>\u00a05.2, A2DP, LE<\/li>\n<li><strong>Posicionamiento:<\/strong>\u00a0GPS, GALILEO, GLONASS, BDS, QZSS<\/li>\n<li><strong>NFC:<\/strong>\u00a0S\u00ed (dependiendo del mercado)<\/li>\n<li><strong>USB:<\/strong>\u00a0USB Tipo-C 2.0, OTG<\/li>\n<\/ul>\n<p><strong>CARACTER\u00cdSTICAS ADICIONALES<\/strong><\/p>\n<ul>\n<li><strong>Sensores:<\/strong>\u00a0Huella dactilar (bajo pantalla, \u00f3ptica), aceler\u00f3metro, giroscopio, proximidad, br\u00fajula<\/li>\n<\/ul>\n<p><strong>BATER\u00cdA<\/strong><\/p>\n<ul>\n<li><strong>Tipo:<\/strong>\u00a05000 mAh<\/li>\n<li><strong>Carga:<\/strong>\u00a045W por cable<\/li>\n<\/ul>\n","protected":false},"excerpt":{"rendered":"<h2>Especificaciones<\/h2>\n<ul class=\"a-vertical a-spacing-none\">\n<li><strong>CPU:<\/strong>\u00a0Snapdragon 7 Gen 1<\/li>\n<li><strong>RAM:<\/strong>\u00a08GB<\/li>\n<li><strong>Almacenamiento:<\/strong>\u00a0256GB<\/li>\n<li><strong>Pantalla Tama\u00f1o:<\/strong>\u00a06,7\u2033<\/li>\n<li><strong>Pantalla Resoluci\u00f3n:<\/strong>\u00a01080 \u00d7 2400 px<\/li>\n<li><strong>Bater\u00eda:<\/strong>\u00a05000 mAh<\/li>\n<li><strong>C\u00e1mara Trasera:<\/strong>\u00a050MP + 8MP + 2MP<\/li>\n<li><strong>C\u00e1mara Frontal:<\/strong>\u00a050MP<\/li>\n<li><strong>Antutu:<\/strong>\u00a0No Disponible<\/li>\n<li><strong>DxOMark:<\/strong>\u00a0No Disponible<\/li>\n<\/ul>\n","protected":false},"featured_media":19897,"comment_status":"open","ping_status":"closed","template":"","meta":[],"product_brand":[90],"product_cat":[124,110],"product_tag":[146],"class_list":{"0":"post-19896","1":"product","2":"type-product","3":"status-publish","4":"has-post-thumbnail","6":"product_brand-celulares-samsung","7":"product_cat-celulares","8":"product_cat-celulares-samsung","9":"product_tag-celulares-samsung","11":"first","12":"instock","13":"purchasable","14":"product-type-simple"},"_links":{"self":[{"href":"https:\/\/atreveteacomprar.com\/index.php\/wp-json\/wp\/v2\/product\/19896","targetHints":{"allow":["GET"]}}],"collection":[{"href":"https:\/\/atreveteacomprar.com\/index.php\/wp-json\/wp\/v2\/product"}],"about":[{"href":"https:\/\/atreveteacomprar.com\/index.php\/wp-json\/wp\/v2\/types\/product"}],"replies":[{"embeddable":true,"href":"https:\/\/atreveteacomprar.com\/index.php\/wp-json\/wp\/v2\/comments?post=19896"}],"version-history":[{"count":1,"href":"https:\/\/atreveteacomprar.com\/index.php\/wp-json\/wp\/v2\/product\/19896\/revisions"}],"predecessor-version":[{"id":19898,"href":"https:\/\/atreveteacomprar.com\/index.php\/wp-json\/wp\/v2\/product\/19896\/revisions\/19898"}],"wp:featuredmedia":[{"embeddable":true,"href":"https:\/\/atreveteacomprar.com\/index.php\/wp-json\/wp\/v2\/media\/19897"}],"wp:attachment":[{"href":"https:\/\/atreveteacomprar.com\/index.php\/wp-json\/wp\/v2\/media?parent=19896"}],"wp:term":[{"taxonomy":"product_brand","embeddable":true,"href":"https:\/\/atreveteacomprar.com\/index.php\/wp-json\/wp\/v2\/product_brand?post=19896"},{"taxonomy":"product_cat","embeddable":true,"href":"https:\/\/atreveteacomprar.com\/index.php\/wp-json\/wp\/v2\/product_cat?post=19896"},{"taxonomy":"product_tag","embeddable":true,"href":"https:\/\/atreveteacomprar.com\/index.php\/wp-json\/wp\/v2\/product_tag?post=19896"}],"curies":[{"name":"wp","href":"https:\/\/api.w.org\/{rel}","templated":true}]}}