{"id":20597,"date":"2025-07-24T11:47:31","date_gmt":"2025-07-24T11:47:31","guid":{"rendered":"https:\/\/atreveteacomprar.com\/?post_type=product&#038;p=20597"},"modified":"2025-09-06T17:48:36","modified_gmt":"2025-09-06T22:48:36","slug":"cubot-kingkong-8-6gb-6gb-12gb-256gb-dual-sim-duos","status":"publish","type":"product","link":"https:\/\/atreveteacomprar.com\/index.php\/producto\/cubot-kingkong-8-6gb-6gb-12gb-256gb-dual-sim-duos\/","title":{"rendered":"Cubot Kingkong 8 6gb + 6gb = 12gb 256gb Dual Sim Duos"},"content":{"rendered":"<p>CPU: MT8788 Octa Core,(12nm 4&#8243;A73 2.0GHz+4*A53 2.0GHz)<br \/>\nSO: Android 13<br \/>\nMemoria: 6GB+6GB(RAM extendida) +256GB ROM UMCP<br \/>\nTarjeta: Doble tarjeta Nano SIM &amp; 1 tarjeta Nano SIM y 1 tarjeta TF<br \/>\nBater\u00eda: 10600mAh<br \/>\nPantalla: 6.528&#8217;HD +LCD perforado, 1600*720, IPS LTPS, 60Hz<br \/>\nC\u00e1mara: C\u00e1mara trasera 48M PDAF, 2M(distancia macro)+0.3M(sensor), 1Af lash led, C\u00e1mara frontal 16M_FF,<br \/>\nBandas: FDD_1\/2\/3\/4\/5\/7\/8\/12\/17\/20\/28A\/28B TDD_41<br \/>\nOtros: (GPS+GLONASS+Galileo)\/wifi(2.4G+5G)\/Bluetooth<br \/>\n4.2\/(Proximidad, Aceler\u00f3metro, Magn\u00e9tico,<br \/>\ngiroscopio,NFC,OTG)\/Esc\u00e1ner de huellas dactilares lateral<br \/>\nColor: Negro \/ Negro+Rojo \/ Negro+Verde<\/p>\n","protected":false},"excerpt":{"rendered":"<p>CPU: MT8788 Octa Core,(12nm 4&#8243;A73 2.0GHz+4*A53 2.0GHz) SO: Android 13 Memoria: 6GB+6GB(RAM extendida) +256GB ROM UMCP Tarjeta: Doble tarjeta Nano<\/p>\n","protected":false},"featured_media":20598,"comment_status":"closed","ping_status":"closed","template":"","meta":[],"product_brand":[99],"product_cat":[124],"product_tag":[150],"class_list":{"0":"post-20597","1":"product","2":"type-product","3":"status-publish","4":"has-post-thumbnail","6":"product_brand-celulares-cubot","7":"product_cat-celulares","8":"product_tag-celulares-cubot","10":"first","11":"instock","12":"sale","13":"shipping-taxable","14":"purchasable","15":"product-type-simple"},"_links":{"self":[{"href":"https:\/\/atreveteacomprar.com\/index.php\/wp-json\/wp\/v2\/product\/20597","targetHints":{"allow":["GET"]}}],"collection":[{"href":"https:\/\/atreveteacomprar.com\/index.php\/wp-json\/wp\/v2\/product"}],"about":[{"href":"https:\/\/atreveteacomprar.com\/index.php\/wp-json\/wp\/v2\/types\/product"}],"replies":[{"embeddable":true,"href":"https:\/\/atreveteacomprar.com\/index.php\/wp-json\/wp\/v2\/comments?post=20597"}],"version-history":[{"count":1,"href":"https:\/\/atreveteacomprar.com\/index.php\/wp-json\/wp\/v2\/product\/20597\/revisions"}],"predecessor-version":[{"id":20606,"href":"https:\/\/atreveteacomprar.com\/index.php\/wp-json\/wp\/v2\/product\/20597\/revisions\/20606"}],"wp:featuredmedia":[{"embeddable":true,"href":"https:\/\/atreveteacomprar.com\/index.php\/wp-json\/wp\/v2\/media\/20598"}],"wp:attachment":[{"href":"https:\/\/atreveteacomprar.com\/index.php\/wp-json\/wp\/v2\/media?parent=20597"}],"wp:term":[{"taxonomy":"product_brand","embeddable":true,"href":"https:\/\/atreveteacomprar.com\/index.php\/wp-json\/wp\/v2\/product_brand?post=20597"},{"taxonomy":"product_cat","embeddable":true,"href":"https:\/\/atreveteacomprar.com\/index.php\/wp-json\/wp\/v2\/product_cat?post=20597"},{"taxonomy":"product_tag","embeddable":true,"href":"https:\/\/atreveteacomprar.com\/index.php\/wp-json\/wp\/v2\/product_tag?post=20597"}],"curies":[{"name":"wp","href":"https:\/\/api.w.org\/{rel}","templated":true}]}}