{"id":20927,"date":"2025-08-13T00:46:40","date_gmt":"2025-08-13T00:46:40","guid":{"rendered":"https:\/\/atreveteacomprar.com\/?post_type=product&#038;p=20927"},"modified":"2025-09-06T17:59:29","modified_gmt":"2025-09-06T22:59:29","slug":"infinix-gt-30-pro-5g-dual-sim-256-gb-12-gb-ram","status":"publish","type":"product","link":"https:\/\/atreveteacomprar.com\/index.php\/producto\/infinix-gt-30-pro-5g-dual-sim-256-gb-12-gb-ram\/","title":{"rendered":"Infinix Gt 30 Pro 5g Dual Sim 256 Gb 12 Gb Ram"},"content":{"rendered":"<div class=\"ui-pdp-container__row ui-pdp-container__row--highlighted-features-title\">\n<h2 class=\"ui-vpp-text-alignment--left ui-pdp-color--BLACK ui-pdp-size--XSMALL ui-pdp-family--SEMIBOLD highlighted-features-title\">Lo que tienes que saber de este producto<\/h2>\n<\/div>\n<div class=\"ui-pdp-container__row ui-pdp-container__row--highlighted-features\">\n<div class=\"ui-vpp-highlighted-specs__features\">\n<ul class=\"ui-vpp-highlighted-specs__features-list\">\n<li class=\"ui-vpp-highlighted-specs__features-list-item ui-pdp-color--BLACK ui-pdp-size--XSMALL ui-pdp-family--REGULAR\">Memoria RAM: 12 GB.<\/li>\n<li class=\"ui-vpp-highlighted-specs__features-list-item ui-pdp-color--BLACK ui-pdp-size--XSMALL ui-pdp-family--REGULAR\">Dispositivo desbloqueado para que elijas la compa\u00f1\u00eda telef\u00f3nica que prefieras.<\/li>\n<li class=\"ui-vpp-highlighted-specs__features-list-item ui-pdp-color--BLACK ui-pdp-size--XSMALL ui-pdp-family--REGULAR\">Compatible con redes 5G.<\/li>\n<li class=\"ui-vpp-highlighted-specs__features-list-item ui-pdp-color--BLACK ui-pdp-size--XSMALL ui-pdp-family--REGULAR\">Pantalla de 6.78&#8243;.<\/li>\n<li class=\"ui-vpp-highlighted-specs__features-list-item ui-pdp-color--BLACK ui-pdp-size--XSMALL ui-pdp-family--REGULAR\">C\u00e1mara delantera de 13Mpx.<\/li>\n<li class=\"ui-vpp-highlighted-specs__features-list-item ui-pdp-color--BLACK ui-pdp-size--XSMALL ui-pdp-family--REGULAR\">Bater\u00eda de 5.5 Ah con carga inal\u00e1mbrica.<\/li>\n<li class=\"ui-vpp-highlighted-specs__features-list-item ui-pdp-color--BLACK ui-pdp-size--XSMALL ui-pdp-family--REGULAR\">Memoria interna de 256GB.<\/li>\n<li class=\"ui-vpp-highlighted-specs__features-list-item ui-pdp-color--BLACK ui-pdp-size--XSMALL ui-pdp-family--REGULAR\">A prueba de agua.<\/li>\n<li class=\"ui-vpp-highlighted-specs__features-list-item ui-pdp-color--BLACK ui-pdp-size--XSMALL ui-pdp-family--REGULAR\">Resistente al polvo.<\/li>\n<\/ul>\n<\/div>\n<\/div>\n<p>GT 30 Pro<br \/>\nSistema Full FPS para todo el d\u00eda<br \/>\nDisparador GT<br \/>\nDimensiones 8350 Ultimate 5.5G<br \/>\nPantalla AMOLED para juegos de 144 Hz<br \/>\nOndas de luz mec\u00e1nicas<br \/>\nIA Infinix<\/p>\n<p>TAMA\u00d1O Y PESO<br \/>\nMODELO: X6873<br \/>\nDIMENSIONES: 163.7 x 75.8 x 7.99 mm<br \/>\nPESO: 189g (Dark Flare); 188g (Shadow Ash\/Blade White)<br \/>\nCOLOR: Shadow Ash<\/p>\n","protected":false},"excerpt":{"rendered":"<p>GT 30 Pro<br \/>\nSistema Full FPS para todo el d\u00eda<br \/>\nDisparador GT<br \/>\nDimensiones 8350 Ultimate 5.5G<br \/>\nPantalla AMOLED para juegos de 144 Hz<br \/>\nOndas de luz mec\u00e1nicas<br \/>\nIA Infinix<\/p>\n","protected":false},"featured_media":20929,"comment_status":"open","ping_status":"closed","template":"","meta":[],"product_brand":[95],"product_cat":[124,104],"product_tag":[143],"class_list":{"0":"post-20927","1":"product","2":"type-product","3":"status-publish","4":"has-post-thumbnail","6":"product_brand-celulares-infinix","7":"product_cat-celulares","8":"product_cat-celulares-infinix","9":"product_tag-celulares-infinix","11":"first","12":"instock","13":"sale","14":"shipping-taxable","15":"purchasable","16":"product-type-simple"},"_links":{"self":[{"href":"https:\/\/atreveteacomprar.com\/index.php\/wp-json\/wp\/v2\/product\/20927","targetHints":{"allow":["GET"]}}],"collection":[{"href":"https:\/\/atreveteacomprar.com\/index.php\/wp-json\/wp\/v2\/product"}],"about":[{"href":"https:\/\/atreveteacomprar.com\/index.php\/wp-json\/wp\/v2\/types\/product"}],"replies":[{"embeddable":true,"href":"https:\/\/atreveteacomprar.com\/index.php\/wp-json\/wp\/v2\/comments?post=20927"}],"version-history":[{"count":3,"href":"https:\/\/atreveteacomprar.com\/index.php\/wp-json\/wp\/v2\/product\/20927\/revisions"}],"predecessor-version":[{"id":20935,"href":"https:\/\/atreveteacomprar.com\/index.php\/wp-json\/wp\/v2\/product\/20927\/revisions\/20935"}],"wp:featuredmedia":[{"embeddable":true,"href":"https:\/\/atreveteacomprar.com\/index.php\/wp-json\/wp\/v2\/media\/20929"}],"wp:attachment":[{"href":"https:\/\/atreveteacomprar.com\/index.php\/wp-json\/wp\/v2\/media?parent=20927"}],"wp:term":[{"taxonomy":"product_brand","embeddable":true,"href":"https:\/\/atreveteacomprar.com\/index.php\/wp-json\/wp\/v2\/product_brand?post=20927"},{"taxonomy":"product_cat","embeddable":true,"href":"https:\/\/atreveteacomprar.com\/index.php\/wp-json\/wp\/v2\/product_cat?post=20927"},{"taxonomy":"product_tag","embeddable":true,"href":"https:\/\/atreveteacomprar.com\/index.php\/wp-json\/wp\/v2\/product_tag?post=20927"}],"curies":[{"name":"wp","href":"https:\/\/api.w.org\/{rel}","templated":true}]}}