{"id":21103,"date":"2025-08-13T14:50:08","date_gmt":"2025-08-13T14:50:08","guid":{"rendered":"https:\/\/atreveteacomprar.com\/?post_type=product&#038;p=21103"},"modified":"2025-09-06T18:07:11","modified_gmt":"2025-09-06T23:07:11","slug":"samsung-galaxy-a16-256gb-8gb","status":"publish","type":"product","link":"https:\/\/atreveteacomprar.com\/index.php\/producto\/samsung-galaxy-a16-256gb-8gb\/","title":{"rendered":"SAMSUNG GALAXY A16 256GB | 8GB"},"content":{"rendered":"<h3><strong>ESPECIFICACIONES<\/strong><\/h3>\n<p><strong>TECNOLOG\u00cdA:<\/strong><br \/>\n\u2022 GSM \/ HSPA \/ LTE<\/p>\n<p><strong>LANZAMIENTO:<\/strong><br \/>\n\u2022 Anunciado: 15 de octubre de 2024<br \/>\n\u2022 Disponible desde: 20 de noviembre de 2024<\/p>\n<p><strong>CUERPO:<\/strong><br \/>\n\u2022 Dimensiones: 164.4 x 77.9 x 7.9 mm<br \/>\n\u2022 Peso: 200 g<br \/>\n\u2022 Construcci\u00f3n: Cristal frontal, parte trasera de pl\u00e1stico, marco de pl\u00e1stico<br \/>\n\u2022 SIM: Nano-SIM \/ Nano-SIM + Nano-SIM<br \/>\n\u2022 Certificaci\u00f3n: IP54 (resistente al polvo y salpicaduras de agua)<\/p>\n<p><strong>PANTALLA:<\/strong><br \/>\n\u2022 Tipo: Super AMOLED, 90Hz<br \/>\n\u2022 Tama\u00f1o: 6.7 pulgadas, 110.2 cm\u00b2 (~86.0% pantalla-frontal)<br \/>\n\u2022 Resoluci\u00f3n: 1080 x 2340 p\u00edxeles, 19.5:9 (~385 ppi)<\/p>\n<p><strong>PLATAFORMA:<\/strong><br \/>\n\u2022 Sistema operativo: Android 14, hasta 6 actualizaciones principales de Android, One UI 6.1<br \/>\n\u2022 Chipset: Mediatek Helio G99 (6 nm)<br \/>\n\u2022 CPU: Octa-core (2\u00d72.2 GHz Cortex-A76 &amp; 6\u00d72.0 GHz Cortex-A55)<br \/>\n\u2022 GPU: Mali-G57 MC2<\/p>\n<p><strong>MEMORIA:<\/strong><br \/>\n\u2022 Tarjeta de memoria: microSDXC (usa ranura SIM compartida)<br \/>\n\u2022 Almacenamiento interno:<\/p>\n<ul>\n<li>128GB 4GB RAM<\/li>\n<li>128GB 6GB RAM<\/li>\n<li>128GB 8GB RAM<\/li>\n<li>256GB 4GB RAM<\/li>\n<li>256GB 6GB RAM<\/li>\n<li>256GB 8GB RAM<\/li>\n<\/ul>\n<p><strong>C\u00c1MARA PRINCIPAL:<\/strong><br \/>\n\u2022 Triple:<\/p>\n<ul>\n<li>50 MP, f\/1.8, (gran angular), 1\/2.76\u2033, 0.64\u00b5m, AF<\/li>\n<li>5 MP, f\/2.2, (ultra gran angular), 1\/5.0\u2033, 1.12\u00b5m<\/li>\n<li>2 MP, f\/2.4, (macro)<br \/>\n\u2022 Caracter\u00edsticas: Flash LED, panorama, HDR<br \/>\n\u2022 Video: 1080p@30fps<\/li>\n<\/ul>\n<p><strong>C\u00c1MARA FRONTAL:<\/strong><br \/>\n\u2022 \u00danica: 13 MP, f\/2.0, (gran angular), 1\/3.1\u2033, 1.12\u00b5m<br \/>\n\u2022 Video: 1080p@30fps<\/p>\n<p><strong>SONIDO:<\/strong><br \/>\n\u2022 Altavoces: S\u00ed<br \/>\n\u2022 Jack 3.5mm: No<\/p>\n<p><strong>CONECTIVIDAD:<\/strong><br \/>\n\u2022 WLAN: Wi-Fi 802.11 a\/b\/g\/n\/ac, doble banda, Wi-Fi Direct<br \/>\n\u2022 Bluetooth: 5.3, A2DP, LE<br \/>\n\u2022 Posicionamiento: GPS, GALILEO, GLONASS, BDS, QZSS<br \/>\n\u2022 NFC: S\u00ed (seg\u00fan mercado o regi\u00f3n)<br \/>\n\u2022 Radio: FM radio (seg\u00fan mercado o regi\u00f3n)<br \/>\n\u2022 USB: USB Type-C 2.0<\/p>\n<p><strong>FUNCIONES:<\/strong><br \/>\n\u2022 Sensores:<\/p>\n<ul>\n<li>Huella digital (montada en el lateral)<\/li>\n<li>Aceler\u00f3metro<\/li>\n<li>Br\u00fajula<\/li>\n<li>Sensor de proximidad virtual<\/li>\n<\/ul>\n<p><strong>BATER\u00cdA:<\/strong><br \/>\n\u2022 Tipo: Li-Ion 5000 mAh<br \/>\n\u2022 Carga: 25W con cable<\/p>\n<p><strong>VARIANTES DE COLOR:<\/strong><br \/>\n\u2022 Gray, Water Green, Midnight Blue<\/p>\n<p><strong>PRUEBAS:<\/strong><br \/>\n\u2022\u00a0<strong>Rendimiento:<\/strong><\/p>\n<ul>\n<li>AnTuTu: 387422 (v10)<\/li>\n<li>GeekBench: 1920 (v6)<\/li>\n<li>3DMark: 345 (Wild Life Extreme)<br \/>\n\u2022\u00a0<strong>Pantalla:<\/strong>\u00a0808 nits de brillo m\u00e1ximo (medido)<br \/>\n\u2022\u00a0<strong>Sonido:<\/strong>\u00a0-25.2 LUFS (Muy bueno)<br \/>\n\u2022\u00a0<strong>Bater\u00eda:<\/strong><\/li>\n<li>Duraci\u00f3n activa: 14:43h<\/li>\n<\/ul>\n","protected":false},"excerpt":{"rendered":"<p><strong>C\u00c1MARA PRINCIPAL:<\/strong><br \/>\n\u2022 Triple:<\/p>\n<ul>\n<li>50 MP, f\/1.8, (gran angular), 1\/2.76\u2033, 0.64\u00b5m, AF<\/li>\n<li>5 MP, f\/2.2, (ultra gran angular), 1\/5.0\u2033, 1.12\u00b5m<\/li>\n<li>2 MP, f\/2.4, (macro)<br \/>\n\u2022 Caracter\u00edsticas: Flash LED, panorama, HDR<br \/>\n\u2022 Video: 1080p@30fps<\/li>\n<\/ul>\n<p><strong>C\u00c1MARA FRONTAL:<\/strong><\/p>\n","protected":false},"featured_media":20036,"comment_status":"open","ping_status":"closed","template":"","meta":[],"product_brand":[90],"product_cat":[124,110],"product_tag":[146],"class_list":{"0":"post-21103","1":"product","2":"type-product","3":"status-publish","4":"has-post-thumbnail","6":"product_brand-celulares-samsung","7":"product_cat-celulares","8":"product_cat-celulares-samsung","9":"product_tag-celulares-samsung","11":"first","12":"instock","13":"purchasable","14":"product-type-simple"},"_links":{"self":[{"href":"https:\/\/atreveteacomprar.com\/index.php\/wp-json\/wp\/v2\/product\/21103","targetHints":{"allow":["GET"]}}],"collection":[{"href":"https:\/\/atreveteacomprar.com\/index.php\/wp-json\/wp\/v2\/product"}],"about":[{"href":"https:\/\/atreveteacomprar.com\/index.php\/wp-json\/wp\/v2\/types\/product"}],"replies":[{"embeddable":true,"href":"https:\/\/atreveteacomprar.com\/index.php\/wp-json\/wp\/v2\/comments?post=21103"}],"version-history":[{"count":1,"href":"https:\/\/atreveteacomprar.com\/index.php\/wp-json\/wp\/v2\/product\/21103\/revisions"}],"predecessor-version":[{"id":21104,"href":"https:\/\/atreveteacomprar.com\/index.php\/wp-json\/wp\/v2\/product\/21103\/revisions\/21104"}],"wp:featuredmedia":[{"embeddable":true,"href":"https:\/\/atreveteacomprar.com\/index.php\/wp-json\/wp\/v2\/media\/20036"}],"wp:attachment":[{"href":"https:\/\/atreveteacomprar.com\/index.php\/wp-json\/wp\/v2\/media?parent=21103"}],"wp:term":[{"taxonomy":"product_brand","embeddable":true,"href":"https:\/\/atreveteacomprar.com\/index.php\/wp-json\/wp\/v2\/product_brand?post=21103"},{"taxonomy":"product_cat","embeddable":true,"href":"https:\/\/atreveteacomprar.com\/index.php\/wp-json\/wp\/v2\/product_cat?post=21103"},{"taxonomy":"product_tag","embeddable":true,"href":"https:\/\/atreveteacomprar.com\/index.php\/wp-json\/wp\/v2\/product_tag?post=21103"}],"curies":[{"name":"wp","href":"https:\/\/api.w.org\/{rel}","templated":true}]}}