{"id":21132,"date":"2025-08-13T16:07:52","date_gmt":"2025-08-13T16:07:52","guid":{"rendered":"https:\/\/atreveteacomprar.com\/?post_type=product&#038;p=21132"},"modified":"2025-09-06T18:08:10","modified_gmt":"2025-09-06T23:08:10","slug":"celular-samsung-s25ultra-256gb-5g","status":"publish","type":"product","link":"https:\/\/atreveteacomprar.com\/index.php\/producto\/celular-samsung-s25ultra-256gb-5g\/","title":{"rendered":"Celular SAMSUNG S25Ultra 256GB 5G"},"content":{"rendered":"<p>El SAMSUNG Galaxy S25 Ultra 5G llega con un dise\u00f1o \u00fanico y resistente que te impactara gracias a sus materiales premium. Cuenta con todo el poder de Inteligencia Artificial, personalizando tu experiencia, haci\u00e9ndola m\u00e1s intuitiva y eficiente. Comun\u00edcate sin barreras de una manera m\u00e1s precisa, prueba una manera diferente y eficiente de buscar en un smartphone y encu\u00e9ntralo \u00a1solo dibujando un c\u00edrculo! Aumenta tu productividad con una pantalla grande de 6.9&#8243; y disfruta del rendimiento consistente que brinda la bater\u00eda de 5,000 mAh junto al procesador m\u00e1s r\u00e1pido, Snapdragon 8 Gen 4. \u00a1Lleva el tuyo ahora!<\/p>\n<ul class=\"tab-details__keyFeatures--list\">\n<li class=\"tab-details__keyFeatures--item\">Las mejores fotos con su lente principal de 200 MP<\/li>\n<li class=\"tab-details__keyFeatures--item\">Edici\u00f3n de fotos y videos con Inteligencia Artificial<\/li>\n<li class=\"tab-details__keyFeatures--item\">Encuentra tus canciones favoritas solo tarareando<\/li>\n<li class=\"tab-details__keyFeatures--item\">Incluye S pen<\/li>\n<\/ul>\n","protected":false},"excerpt":{"rendered":"<ul class=\"tab-details__keyFeatures--list\">\n<li class=\"tab-details__keyFeatures--item\">El SAMSUNG Galaxy S25 Ultra 5G llega con un dise\u00f1o \u00fanico y resistente que te impactara gracias a sus materiales premium. Cuenta con todo el poder de Inteligencia Artificial, personalizando tu experiencia, haci\u00e9ndola m\u00e1s intuitiva y eficiente. Comun\u00edcate sin barreras de una manera m\u00e1s precisa, prueba una manera diferente y eficiente de buscar en un smartphone y encu\u00e9ntralo \u00a1solo dibujando un c\u00edrculo! Aumenta tu productividad con una pantalla grande de 6.9&#8243; y disfruta del rendimiento consistente que brinda la bater\u00eda de 5,000 mAh junto al procesador m\u00e1s r\u00e1pido, Snapdragon 8 Gen 4. \u00a1Lleva el tuyo ahora!<\/li>\n<\/ul>\n<div class=\"new-container__table__classifications___type__wrap\">\n<h3 class=\"new-container__table__classifications___type__title\">Almacenamiento y Procesamiento<\/h3>\n<div class=\"new-container__table__classifications___type \">\n<div class=\"new-container__table__classifications___type__item\">\n<div class=\"new-container__table__classifications___type__item_feature\">Memoria Interna<\/div>\n<div class=\"new-container__table__classifications___type__item_result\">256 GB<\/div>\n<\/div>\n<div class=\"new-container__table__classifications___type__item\">\n<div class=\"new-container__table__classifications___type__item_feature\">Memoria RAM<\/div>\n<div class=\"new-container__table__classifications___type__item_result\">12 GB<\/div>\n<\/div>\n<div class=\"new-container__table__classifications___type__item\">\n<div class=\"new-container__table__classifications___type__item_feature\">Marca del Procesador<\/div>\n<div class=\"new-container__table__classifications___type__item_result\">Qualcomm<\/div>\n<\/div>\n<div class=\"new-container__table__classifications___type__item\">\n<div class=\"new-container__table__classifications___type__item_feature\">N\u00famero de N\u00facleos (m\u00e1s n\u00facleos m\u00e1s multitareas)<\/div>\n<div class=\"new-container__table__classifications___type__item_result\">8\u00a0 Nucleos<\/div>\n<\/div>\n<div class=\"new-container__table__classifications___type__item\">\n<div class=\"new-container__table__classifications___type__item_feature\">Velocidad del Procesador<\/div>\n<div class=\"new-container__table__classifications___type__item_result\">2&#215;4.32 GHz, 6&#215;3.53 GHz (8 nucleos) (3nm)<\/div>\n<\/div>\n<div class=\"new-container__table__classifications___type__item\">\n<div class=\"new-container__table__classifications___type__item_feature\">Sistema Operativo<\/div>\n<div class=\"new-container__table__classifications___type__item_result\">Android<\/div>\n<\/div>\n<div class=\"new-container__table__classifications___type__item\">\n<div class=\"new-container__table__classifications___type__item_feature\">Version Sistema Operativo<\/div>\n<div class=\"new-container__table__classifications___type__item_result\">Android 15<\/div>\n<\/div>\n<div class=\"new-container__table__classifications___type__item new-container__table__classifications___type__item--void\">\n<div class=\"new-container__table__classifications___type__item_feature\"><\/div>\n<div class=\"new-container__table__classifications___type__item_result\"><\/div>\n<\/div>\n<\/div>\n<\/div>\n<div class=\"new-container__table__classifications___type__wrap\">\n<h3 class=\"new-container__table__classifications___type__title\">C\u00e1mara<\/h3>\n<div class=\"new-container__table__classifications___type \">\n<div class=\"new-container__table__classifications___type__item\">\n<div class=\"new-container__table__classifications___type__item_feature\">Tipo de Camara Frontal<\/div>\n<div class=\"new-container__table__classifications___type__item_result\">Sencilla<\/div>\n<\/div>\n<div class=\"new-container__table__classifications___type__item\">\n<div class=\"new-container__table__classifications___type__item_feature\">Resolucion Camara Frontal 1<\/div>\n<div class=\"new-container__table__classifications___type__item_result\">12\u00a0 Mpx<\/div>\n<\/div>\n<div class=\"new-container__table__classifications___type__item\">\n<div class=\"new-container__table__classifications___type__item_feature\">Tipo de Camara Posterior<\/div>\n<div class=\"new-container__table__classifications___type__item_result\">Cuadruple<\/div>\n<\/div>\n<div class=\"new-container__table__classifications___type__item\">\n<div class=\"new-container__table__classifications___type__item_feature\">Resolucion Camara Posterior 1<\/div>\n<div class=\"new-container__table__classifications___type__item_result\">200\u00a0 Mpx<\/div>\n<\/div>\n<div class=\"new-container__table__classifications___type__item\">\n<div class=\"new-container__table__classifications___type__item_feature\">Resolucion Otras Camaras Posteriores<\/div>\n<div class=\"new-container__table__classifications___type__item_result\">10MPX+50MPX+50MPX<\/div>\n<\/div>\n<div class=\"new-container__table__classifications___type__item\">\n<div class=\"new-container__table__classifications___type__item_feature\">Flash Frontal<\/div>\n<div class=\"new-container__table__classifications___type__item_result\">No Tiene Flash Frontal<\/div>\n<\/div>\n<div class=\"new-container__table__classifications___type__item\">\n<div class=\"new-container__table__classifications___type__item_feature\">Flash Posterior<\/div>\n<div class=\"new-container__table__classifications___type__item_result\">SI Tiene Flash Posterior<\/div>\n<\/div>\n<div class=\"new-container__table__classifications___type__item new-container__table__classifications___type__item--void\">\n<div class=\"new-container__table__classifications___type__item_feature\"><\/div>\n<\/div>\n<\/div>\n<\/div>\n","protected":false},"featured_media":21144,"comment_status":"open","ping_status":"closed","template":"","meta":[],"product_brand":[75],"product_cat":[124,110],"product_tag":[146],"class_list":{"0":"post-21132","1":"product","2":"type-product","3":"status-publish","4":"has-post-thumbnail","6":"product_brand-samsung","7":"product_cat-celulares","8":"product_cat-celulares-samsung","9":"product_tag-celulares-samsung","11":"first","12":"instock","13":"shipping-taxable","14":"purchasable","15":"product-type-simple"},"_links":{"self":[{"href":"https:\/\/atreveteacomprar.com\/index.php\/wp-json\/wp\/v2\/product\/21132","targetHints":{"allow":["GET"]}}],"collection":[{"href":"https:\/\/atreveteacomprar.com\/index.php\/wp-json\/wp\/v2\/product"}],"about":[{"href":"https:\/\/atreveteacomprar.com\/index.php\/wp-json\/wp\/v2\/types\/product"}],"replies":[{"embeddable":true,"href":"https:\/\/atreveteacomprar.com\/index.php\/wp-json\/wp\/v2\/comments?post=21132"}],"version-history":[{"count":2,"href":"https:\/\/atreveteacomprar.com\/index.php\/wp-json\/wp\/v2\/product\/21132\/revisions"}],"predecessor-version":[{"id":21148,"href":"https:\/\/atreveteacomprar.com\/index.php\/wp-json\/wp\/v2\/product\/21132\/revisions\/21148"}],"wp:featuredmedia":[{"embeddable":true,"href":"https:\/\/atreveteacomprar.com\/index.php\/wp-json\/wp\/v2\/media\/21144"}],"wp:attachment":[{"href":"https:\/\/atreveteacomprar.com\/index.php\/wp-json\/wp\/v2\/media?parent=21132"}],"wp:term":[{"taxonomy":"product_brand","embeddable":true,"href":"https:\/\/atreveteacomprar.com\/index.php\/wp-json\/wp\/v2\/product_brand?post=21132"},{"taxonomy":"product_cat","embeddable":true,"href":"https:\/\/atreveteacomprar.com\/index.php\/wp-json\/wp\/v2\/product_cat?post=21132"},{"taxonomy":"product_tag","embeddable":true,"href":"https:\/\/atreveteacomprar.com\/index.php\/wp-json\/wp\/v2\/product_tag?post=21132"}],"curies":[{"name":"wp","href":"https:\/\/api.w.org\/{rel}","templated":true}]}}