{"id":21151,"date":"2025-08-13T16:40:30","date_gmt":"2025-08-13T16:40:30","guid":{"rendered":"https:\/\/atreveteacomprar.com\/?post_type=product&#038;p=21151"},"modified":"2025-09-06T18:08:09","modified_gmt":"2025-09-06T23:08:09","slug":"samsung-galaxy-z-flip-7-5g-512-gb-12-gb-de-ram","status":"publish","type":"product","link":"https:\/\/atreveteacomprar.com\/index.php\/producto\/samsung-galaxy-z-flip-7-5g-512-gb-12-gb-de-ram\/","title":{"rendered":"Samsung Galaxy Z Flip 7 5g, 512 GB, 12 GB de RAM"},"content":{"rendered":"<p>Presentamos nuestro Galaxy Z Flip m\u00e1s fino, resistente y avanzado hasta la fecha: una combinaci\u00f3n de belleza y rendimiento sin igual que se adapta perfectamente a tu estilo de vida y a tu bolsillo. La pantalla externa ampliada es impresionante de borde a borde, y todo est\u00e1 alojado en un cuerpo duradero y m\u00e1s fino, tanto plegado como desplegado.<sup><a class=\"click_sup\" title=\"Ver disclaimer\" href=\"https:\/\/www.samsung.com\/es\/smartphones\/galaxy-z-flip7\/#desc-section\" data-sup-tag=\"sup-1\">1<\/a><\/sup><\/p>\n<p>La pantalla externa redise\u00f1ada de Galaxy Z Flip7 tiene el bisel m\u00e1s fino hasta la fecha, lo que permite sacar m\u00e1s partido a FlexWindow que nunca. La impresionante pantalla principal ofrece ahora una experiencia de visualizaci\u00f3n ininterrumpida. Impresiona a primera vista.<sup><a class=\"click_sup\" title=\"Ver disclaimer\" href=\"https:\/\/www.samsung.com\/es\/smartphones\/galaxy-z-flip7\/#desc-section\" data-sup-tag=\"sup-1\">1<\/a><\/sup><\/p>\n<p><span class=\"common-sub-headline\"><span class=\"common-text\">50 MP<\/span><\/span><span class=\"common-description\"><span class=\"common-text\">Gran angular<\/span><\/span><span class=\"common-description\"><span class=\"common-text\">Zoom 2x de calidad \u00f3ptica<\/span><\/span><\/p>\n<p>El procesador avanzado de Flip alimenta todo, desde la bater\u00eda hasta las pantallas, garantizando que funcione a la velocidad que necesitas, durante el tiempo que te haga falta. Ya est\u00e9s transmitiendo en directo, jugando o editando tu \u00faltimo v\u00eddeo.<\/p>\n","protected":false},"excerpt":{"rendered":"<p>Presentamos nuestro Galaxy Z Flip m\u00e1s fino, resistente y avanzado hasta la fecha: una combinaci\u00f3n de belleza y rendimiento sin igual que se adapta perfectamente a tu estilo de vida y a tu bolsillo. La pantalla externa ampliada es impresionante de borde a borde, y todo est\u00e1 alojado en un cuerpo duradero y m\u00e1s fino, tanto plegado como desplegado.<sup><a class=\"click_sup\" title=\"Ver disclaimer\" href=\"https:\/\/www.samsung.com\/es\/smartphones\/galaxy-z-flip7\/#desc-section\" data-sup-tag=\"sup-1\">1<\/a><\/sup><\/p>\n<p>La pantalla externa redise\u00f1ada de Galaxy Z Flip7 tiene el bisel m\u00e1s fino hasta la fecha, lo que permite sacar m\u00e1s partido a FlexWindow que nunca. La impresionante pantalla principal ofrece ahora una experiencia de visualizaci\u00f3n ininterrumpida. Impresiona a primera vista.<sup><a class=\"click_sup\" title=\"Ver disclaimer\" href=\"https:\/\/www.samsung.com\/es\/smartphones\/galaxy-z-flip7\/#desc-section\" data-sup-tag=\"sup-1\">1<\/a><\/sup><\/p>\n<p><span class=\"common-sub-headline\"><span class=\"common-text\">50 MP<\/span><\/span><span class=\"common-description\"><span class=\"common-text\">Gran angular<\/span><\/span><span class=\"common-description\"><span class=\"common-text\">Zoom 2x de calidad \u00f3ptica<\/span><\/span><\/p>\n<p>El procesador avanzado de Flip alimenta todo, desde la bater\u00eda hasta las pantallas, garantizando que funcione a la velocidad que necesitas, durante el tiempo que te haga falta. Ya est\u00e9s transmitiendo en directo, jugando o editando tu \u00faltimo v\u00eddeo.<\/p>\n","protected":false},"featured_media":21161,"comment_status":"open","ping_status":"closed","template":"","meta":[],"product_brand":[75],"product_cat":[124,110],"product_tag":[146],"class_list":{"0":"post-21151","1":"product","2":"type-product","3":"status-publish","4":"has-post-thumbnail","6":"product_brand-samsung","7":"product_cat-celulares","8":"product_cat-celulares-samsung","9":"product_tag-celulares-samsung","11":"first","12":"instock","13":"shipping-taxable","14":"purchasable","15":"product-type-simple"},"_links":{"self":[{"href":"https:\/\/atreveteacomprar.com\/index.php\/wp-json\/wp\/v2\/product\/21151","targetHints":{"allow":["GET"]}}],"collection":[{"href":"https:\/\/atreveteacomprar.com\/index.php\/wp-json\/wp\/v2\/product"}],"about":[{"href":"https:\/\/atreveteacomprar.com\/index.php\/wp-json\/wp\/v2\/types\/product"}],"replies":[{"embeddable":true,"href":"https:\/\/atreveteacomprar.com\/index.php\/wp-json\/wp\/v2\/comments?post=21151"}],"version-history":[{"count":1,"href":"https:\/\/atreveteacomprar.com\/index.php\/wp-json\/wp\/v2\/product\/21151\/revisions"}],"predecessor-version":[{"id":21162,"href":"https:\/\/atreveteacomprar.com\/index.php\/wp-json\/wp\/v2\/product\/21151\/revisions\/21162"}],"wp:featuredmedia":[{"embeddable":true,"href":"https:\/\/atreveteacomprar.com\/index.php\/wp-json\/wp\/v2\/media\/21161"}],"wp:attachment":[{"href":"https:\/\/atreveteacomprar.com\/index.php\/wp-json\/wp\/v2\/media?parent=21151"}],"wp:term":[{"taxonomy":"product_brand","embeddable":true,"href":"https:\/\/atreveteacomprar.com\/index.php\/wp-json\/wp\/v2\/product_brand?post=21151"},{"taxonomy":"product_cat","embeddable":true,"href":"https:\/\/atreveteacomprar.com\/index.php\/wp-json\/wp\/v2\/product_cat?post=21151"},{"taxonomy":"product_tag","embeddable":true,"href":"https:\/\/atreveteacomprar.com\/index.php\/wp-json\/wp\/v2\/product_tag?post=21151"}],"curies":[{"name":"wp","href":"https:\/\/api.w.org\/{rel}","templated":true}]}}