{"id":21175,"date":"2025-08-13T17:46:22","date_gmt":"2025-08-13T17:46:22","guid":{"rendered":"https:\/\/atreveteacomprar.com\/?post_type=product&#038;p=21175"},"modified":"2025-09-06T17:57:49","modified_gmt":"2025-09-06T22:57:49","slug":"honor-x6c-256gb-8gb","status":"publish","type":"product","link":"https:\/\/atreveteacomprar.com\/index.php\/producto\/honor-x6c-256gb-8gb\/","title":{"rendered":"HONOR X6c 256GB-8GB"},"content":{"rendered":"<p>Atr\u00e9vete a experimentar toda la tecnolog\u00eda que tienen el HONOR X6c y su inteligencia artificial (IA), personaliza tu celular a tu manera con mas de cien mil estilos que trae Magic Lock Screen fondos de pantalla y funciones, d\u00e9jate sorprender por sus colores modernos y elegantes, adapta las aplicaciones m\u00e1s usadas a tus necesidades y aprovecha al m\u00e1ximo las capsulas apilables \u00a1C\u00f3mpralo ahora y vive la experiencia Honor!<\/p>\n<ul class=\"tab-details__keyFeatures--list\">\n<li class=\"tab-details__keyFeatures--item\">Boton asistente de IA, con funciones dinamicas<\/li>\n<li class=\"tab-details__keyFeatures--item\">Bateria para todo el dia con 5300mAh, y carga turbo<\/li>\n<li class=\"tab-details__keyFeatures--item\">HONOR IA Eraser, Ajusta tus fotos como quieras<\/li>\n<li class=\"tab-details__keyFeatures--item\">Certificacion IP64, contra polvo y salpicaduras<\/li>\n<li class=\"tab-details__keyFeatures--item\">Im\u00e1genes detalladas, gracias a su pantalla LCD de 1010 nits<\/li>\n<\/ul>\n<div class=\"new-container__table__classifications___type__wrap\">\n<h3 class=\"new-container__table__classifications___type__title\">Almacenamiento y Procesamiento<\/h3>\n<div class=\"new-container__table__classifications___type \">\n<div class=\"new-container__table__classifications___type__item\">\n<div class=\"new-container__table__classifications___type__item_feature\">Memoria Interna<\/div>\n<div class=\"new-container__table__classifications___type__item_result\">256 GB<\/div>\n<\/div>\n<div class=\"new-container__table__classifications___type__item\">\n<div class=\"new-container__table__classifications___type__item_feature\">Memoria RAM<\/div>\n<div class=\"new-container__table__classifications___type__item_result\">8 GB<\/div>\n<\/div>\n<div class=\"new-container__table__classifications___type__item\">\n<div class=\"new-container__table__classifications___type__item_feature\">Memoria Expandible<\/div>\n<div class=\"new-container__table__classifications___type__item_result\">512\u00a0 GB<\/div>\n<\/div>\n<div class=\"new-container__table__classifications___type__item\">\n<div class=\"new-container__table__classifications___type__item_feature\">Marca del Procesador<\/div>\n<div class=\"new-container__table__classifications___type__item_result\">Mediatek<\/div>\n<\/div>\n<div class=\"new-container__table__classifications___type__item\">\n<div class=\"new-container__table__classifications___type__item_feature\">N\u00famero de N\u00facleos (m\u00e1s n\u00facleos m\u00e1s multitareas)<\/div>\n<div class=\"new-container__table__classifications___type__item_result\">8\u00a0 Nucleos<\/div>\n<\/div>\n<div class=\"new-container__table__classifications___type__item\">\n<div class=\"new-container__table__classifications___type__item_feature\">Velocidad del Procesador<\/div>\n<div class=\"new-container__table__classifications___type__item_result\">2 x 2.0 GHz &#8211; A75 | 6 x 1.8 GHz &#8211; A55<\/div>\n<\/div>\n<div class=\"new-container__table__classifications___type__item\">\n<div class=\"new-container__table__classifications___type__item_feature\">Sistema Operativo<\/div>\n<div class=\"new-container__table__classifications___type__item_result\">Android<\/div>\n<\/div>\n<div class=\"new-container__table__classifications___type__item\">\n<div class=\"new-container__table__classifications___type__item_feature\">Version Sistema Operativo<\/div>\n<div class=\"new-container__table__classifications___type__item_result\">Magic SO 9.0 Android 15<\/div>\n<\/div>\n<\/div>\n<\/div>\n<div class=\"new-container__table__classifications___type__wrap\">\n<h3 class=\"new-container__table__classifications___type__title\">C\u00e1mara<\/h3>\n<div class=\"new-container__table__classifications___type \">\n<div class=\"new-container__table__classifications___type__item\">\n<div class=\"new-container__table__classifications___type__item_feature\">Tipo de Camara Frontal<\/div>\n<div class=\"new-container__table__classifications___type__item_result\">Sencilla<\/div>\n<\/div>\n<div class=\"new-container__table__classifications___type__item\">\n<div class=\"new-container__table__classifications___type__item_feature\">Resolucion Camara Frontal 1<\/div>\n<div class=\"new-container__table__classifications___type__item_result\">5\u00a0 Mpx<\/div>\n<\/div>\n<div class=\"new-container__table__classifications___type__item\">\n<div class=\"new-container__table__classifications___type__item_feature\">Tipo de Camara Posterior<\/div>\n<div class=\"new-container__table__classifications___type__item_result\">Dual<\/div>\n<\/div>\n<div class=\"new-container__table__classifications___type__item\">\n<div class=\"new-container__table__classifications___type__item_feature\">Resolucion Camara Posterior 1<\/div>\n<div class=\"new-container__table__classifications___type__item_result\">50\u00a0 Mpx<\/div>\n<\/div>\n<div class=\"new-container__table__classifications___type__item\">\n<div class=\"new-container__table__classifications___type__item_feature\">Flash Frontal<\/div>\n<div class=\"new-container__table__classifications___type__item_result\">No Tiene Flash Frontal<\/div>\n<\/div>\n<div class=\"new-container__table__classifications___type__item\">\n<div class=\"new-container__table__classifications___type__item_feature\">Flash Posterior<\/div>\n<div class=\"new-container__table__classifications___type__item_result\">SI Tiene Flash Posterior<\/div>\n<\/div>\n<\/div>\n<\/div>\n","protected":false},"excerpt":{"rendered":"<p>Atr\u00e9vete a experimentar toda la tecnolog\u00eda que tienen el HONOR X6c y su inteligencia artificial (IA), personaliza tu celular a tu manera con mas de cien mil estilos que trae Magic Lock Screen fondos de pantalla y funciones, d\u00e9jate sorprender por sus colores modernos y elegantes, adapta las aplicaciones m\u00e1s usadas a tus necesidades y aprovecha al m\u00e1ximo las capsulas apilables \u00a1C\u00f3mpralo ahora y vive la experiencia Honor!<\/p>\n","protected":false},"featured_media":21183,"comment_status":"open","ping_status":"closed","template":"","meta":[],"product_brand":[97],"product_cat":[124,102],"product_tag":[141],"class_list":{"0":"post-21175","1":"product","2":"type-product","3":"status-publish","4":"has-post-thumbnail","6":"product_brand-celulares-honor","7":"product_cat-celulares","8":"product_cat-celulares-honor","9":"product_tag-celulares-honor","11":"first","12":"instock","13":"shipping-taxable","14":"purchasable","15":"product-type-simple"},"_links":{"self":[{"href":"https:\/\/atreveteacomprar.com\/index.php\/wp-json\/wp\/v2\/product\/21175","targetHints":{"allow":["GET"]}}],"collection":[{"href":"https:\/\/atreveteacomprar.com\/index.php\/wp-json\/wp\/v2\/product"}],"about":[{"href":"https:\/\/atreveteacomprar.com\/index.php\/wp-json\/wp\/v2\/types\/product"}],"replies":[{"embeddable":true,"href":"https:\/\/atreveteacomprar.com\/index.php\/wp-json\/wp\/v2\/comments?post=21175"}],"version-history":[{"count":1,"href":"https:\/\/atreveteacomprar.com\/index.php\/wp-json\/wp\/v2\/product\/21175\/revisions"}],"predecessor-version":[{"id":21189,"href":"https:\/\/atreveteacomprar.com\/index.php\/wp-json\/wp\/v2\/product\/21175\/revisions\/21189"}],"wp:featuredmedia":[{"embeddable":true,"href":"https:\/\/atreveteacomprar.com\/index.php\/wp-json\/wp\/v2\/media\/21183"}],"wp:attachment":[{"href":"https:\/\/atreveteacomprar.com\/index.php\/wp-json\/wp\/v2\/media?parent=21175"}],"wp:term":[{"taxonomy":"product_brand","embeddable":true,"href":"https:\/\/atreveteacomprar.com\/index.php\/wp-json\/wp\/v2\/product_brand?post=21175"},{"taxonomy":"product_cat","embeddable":true,"href":"https:\/\/atreveteacomprar.com\/index.php\/wp-json\/wp\/v2\/product_cat?post=21175"},{"taxonomy":"product_tag","embeddable":true,"href":"https:\/\/atreveteacomprar.com\/index.php\/wp-json\/wp\/v2\/product_tag?post=21175"}],"curies":[{"name":"wp","href":"https:\/\/api.w.org\/{rel}","templated":true}]}}