{"id":21190,"date":"2025-08-13T17:59:39","date_gmt":"2025-08-13T17:59:39","guid":{"rendered":"https:\/\/atreveteacomprar.com\/?post_type=product&#038;p=21190"},"modified":"2025-09-06T17:57:49","modified_gmt":"2025-09-06T22:57:49","slug":"honor-play-9s-8256gb","status":"publish","type":"product","link":"https:\/\/atreveteacomprar.com\/index.php\/producto\/honor-play-9s-8256gb\/","title":{"rendered":"HONOR PLAY 9S 8+256GB"},"content":{"rendered":"<p>El Honor Play 9S tiene una pantalla AMOLED de 6.7 pulgadas y refresco de 120Hz y est\u00e1 impulsado por un procesador Snapdragon 685 con hasta 8GB de RAM y 256GB de almacenamiento. Cuenta con una c\u00e1mara dual de 108MP y una c\u00e1mara frontal de 50MP, bater\u00eda de 5000 mAh de carga r\u00e1pida, lector de huellas y resistencia al agua.<\/p>\n","protected":false},"excerpt":{"rendered":"<p>El Honor Play 9S tiene una pantalla AMOLED de 6.7 pulgadas y refresco de 120Hz y est\u00e1 impulsado por un procesador Snapdragon 685 con hasta 8GB de RAM y 256GB de almacenamiento. Cuenta con una c\u00e1mara dual de 108MP y una c\u00e1mara frontal de 50MP, bater\u00eda de 5000 mAh de carga r\u00e1pida, lector de huellas y resistencia al agua.<\/p>\n","protected":false},"featured_media":21192,"comment_status":"open","ping_status":"closed","template":"","meta":[],"product_brand":[97],"product_cat":[124,102],"product_tag":[141],"class_list":{"0":"post-21190","1":"product","2":"type-product","3":"status-publish","4":"has-post-thumbnail","6":"product_brand-celulares-honor","7":"product_cat-celulares","8":"product_cat-celulares-honor","9":"product_tag-celulares-honor","11":"first","12":"instock","13":"shipping-taxable","14":"purchasable","15":"product-type-simple"},"_links":{"self":[{"href":"https:\/\/atreveteacomprar.com\/index.php\/wp-json\/wp\/v2\/product\/21190","targetHints":{"allow":["GET"]}}],"collection":[{"href":"https:\/\/atreveteacomprar.com\/index.php\/wp-json\/wp\/v2\/product"}],"about":[{"href":"https:\/\/atreveteacomprar.com\/index.php\/wp-json\/wp\/v2\/types\/product"}],"replies":[{"embeddable":true,"href":"https:\/\/atreveteacomprar.com\/index.php\/wp-json\/wp\/v2\/comments?post=21190"}],"version-history":[{"count":1,"href":"https:\/\/atreveteacomprar.com\/index.php\/wp-json\/wp\/v2\/product\/21190\/revisions"}],"predecessor-version":[{"id":21193,"href":"https:\/\/atreveteacomprar.com\/index.php\/wp-json\/wp\/v2\/product\/21190\/revisions\/21193"}],"wp:featuredmedia":[{"embeddable":true,"href":"https:\/\/atreveteacomprar.com\/index.php\/wp-json\/wp\/v2\/media\/21192"}],"wp:attachment":[{"href":"https:\/\/atreveteacomprar.com\/index.php\/wp-json\/wp\/v2\/media?parent=21190"}],"wp:term":[{"taxonomy":"product_brand","embeddable":true,"href":"https:\/\/atreveteacomprar.com\/index.php\/wp-json\/wp\/v2\/product_brand?post=21190"},{"taxonomy":"product_cat","embeddable":true,"href":"https:\/\/atreveteacomprar.com\/index.php\/wp-json\/wp\/v2\/product_cat?post=21190"},{"taxonomy":"product_tag","embeddable":true,"href":"https:\/\/atreveteacomprar.com\/index.php\/wp-json\/wp\/v2\/product_tag?post=21190"}],"curies":[{"name":"wp","href":"https:\/\/api.w.org\/{rel}","templated":true}]}}