{"id":21210,"date":"2025-08-13T19:17:06","date_gmt":"2025-08-13T19:17:06","guid":{"rendered":"https:\/\/atreveteacomprar.com\/?post_type=product&#038;p=21210"},"modified":"2025-09-06T18:09:00","modified_gmt":"2025-09-06T23:09:00","slug":"tecno-spark-40pro-256gb-8-ram","status":"publish","type":"product","link":"https:\/\/atreveteacomprar.com\/index.php\/producto\/tecno-spark-40pro-256gb-8-ram\/","title":{"rendered":"TECNO Spark 40Pro 256GB-8 RAM"},"content":{"rendered":"<p>Disfrut\u00e1 el spark 40 Pro con una pantalla AMOLED incre\u00edblemente n\u00edtida con bordes tan delgados que casi no se ven. Habl\u00e1 y chate\u00e1 sin se\u00f1al gracias a la tecnolog\u00eda Freelink, perfecta para estar siempre conectado. Siente la potencia y velocidad que necesit\u00e1s en tu d\u00eda a d\u00eda. Captur\u00e1 cada momento con la c\u00e1mara de 50 MP, con fotos llenas de color y detalle. Y no te preocup\u00e9s por la bater\u00eda: dura todo el d\u00eda y se carga rapid\u00edsimo. \u00a1Llev\u00e1 el tuyo ya y vive la experiencia completa!<\/p>\n<ul class=\"tab-details__keyFeatures--list\">\n<li class=\"tab-details__keyFeatures--item\">Pantalla AMOLED n\u00edtida y bordes casi invisibles<\/li>\n<li class=\"tab-details__keyFeatures--item\">Llamadas y chats sin se\u00f1al con tecnolog\u00eda Freelink<\/li>\n<li class=\"tab-details__keyFeatures--item\">C\u00e1mara 50 MP que captura momentos llenos de vida<\/li>\n<li class=\"tab-details__keyFeatures--item\">Bater\u00eda 5200 mAh carga para tu ritmo diario<\/li>\n<\/ul>\n<div class=\"new-container__table__classifications___type__wrap\">\n<h3 class=\"new-container__table__classifications___type__title\">Almacenamiento y Procesamiento<\/h3>\n<div class=\"new-container__table__classifications___type \">\n<div class=\"new-container__table__classifications___type__item\">\n<div class=\"new-container__table__classifications___type__item_feature\">Memoria Interna<\/div>\n<div class=\"new-container__table__classifications___type__item_result\">256 GB<\/div>\n<\/div>\n<div class=\"new-container__table__classifications___type__item\">\n<div class=\"new-container__table__classifications___type__item_feature\">Memoria RAM<\/div>\n<div class=\"new-container__table__classifications___type__item_result\">8 GB<\/div>\n<\/div>\n<div class=\"new-container__table__classifications___type__item\">\n<div class=\"new-container__table__classifications___type__item_feature\">Memoria Expandible<\/div>\n<div class=\"new-container__table__classifications___type__item_result\">1024\u00a0 GB<\/div>\n<\/div>\n<div class=\"new-container__table__classifications___type__item\">\n<div class=\"new-container__table__classifications___type__item_feature\">Marca del Procesador<\/div>\n<div class=\"new-container__table__classifications___type__item_result\">Mediatek<\/div>\n<\/div>\n<div class=\"new-container__table__classifications___type__item\">\n<div class=\"new-container__table__classifications___type__item_feature\">N\u00famero de N\u00facleos (m\u00e1s n\u00facleos m\u00e1s multitareas)<\/div>\n<div class=\"new-container__table__classifications___type__item_result\">8\u00a0 Nucleos<\/div>\n<\/div>\n<div class=\"new-container__table__classifications___type__item\">\n<div class=\"new-container__table__classifications___type__item_feature\">Velocidad del Procesador<\/div>\n<div class=\"new-container__table__classifications___type__item_result\">Hasta 2.2\u202fGHz<\/div>\n<\/div>\n<div class=\"new-container__table__classifications___type__item\">\n<div class=\"new-container__table__classifications___type__item_feature\">Sistema Operativo<\/div>\n<div class=\"new-container__table__classifications___type__item_result\">Android<\/div>\n<\/div>\n<div class=\"new-container__table__classifications___type__item\">\n<div class=\"new-container__table__classifications___type__item_feature\">Version Sistema Operativo<\/div>\n<div class=\"new-container__table__classifications___type__item_result\">15<\/div>\n<\/div>\n<\/div>\n<\/div>\n<div class=\"new-container__table__classifications___type__wrap\">\n<h3 class=\"new-container__table__classifications___type__title\">C\u00e1mara<\/h3>\n<div class=\"new-container__table__classifications___type \">\n<div class=\"new-container__table__classifications___type__item\">\n<div class=\"new-container__table__classifications___type__item_feature\">Tipo de Camara Frontal<\/div>\n<div class=\"new-container__table__classifications___type__item_result\">Sencilla<\/div>\n<\/div>\n<div class=\"new-container__table__classifications___type__item\">\n<div class=\"new-container__table__classifications___type__item_feature\">Resolucion Camara Frontal 1<\/div>\n<div class=\"new-container__table__classifications___type__item_result\">13\u00a0 Mpx<\/div>\n<\/div>\n<div class=\"new-container__table__classifications___type__item\">\n<div class=\"new-container__table__classifications___type__item_feature\">Tipo de Camara Posterior<\/div>\n<div class=\"new-container__table__classifications___type__item_result\">Triple<\/div>\n<\/div>\n<div class=\"new-container__table__classifications___type__item\">\n<div class=\"new-container__table__classifications___type__item_feature\">Resolucion Camara Posterior 1<\/div>\n<div class=\"new-container__table__classifications___type__item_result\">50\u00a0 Mpx<\/div>\n<\/div>\n<div class=\"new-container__table__classifications___type__item\">\n<div class=\"new-container__table__classifications___type__item_feature\">Flash Frontal<\/div>\n<div class=\"new-container__table__classifications___type__item_result\">SI Tiene Flash Frontal<\/div>\n<\/div>\n<div class=\"new-container__table__classifications___type__item\">\n<div class=\"new-container__table__classifications___type__item_feature\">Flash Posterior<\/div>\n<div class=\"new-container__table__classifications___type__item_result\">SI Tiene Flash Posterior<\/div>\n<\/div>\n<\/div>\n<\/div>\n","protected":false},"excerpt":{"rendered":"<p>Disfrut\u00e1 el spark 40 Pro con una pantalla AMOLED incre\u00edblemente n\u00edtida con bordes tan delgados que casi no se ven. Habl\u00e1 y chate\u00e1 sin se\u00f1al gracias a la tecnolog\u00eda Freelink, perfecta para estar siempre conectado. Siente la potencia y velocidad que necesit\u00e1s en tu d\u00eda a d\u00eda. Captur\u00e1 cada momento con la c\u00e1mara de 50 MP, con fotos llenas de color y detalle. Y no te preocup\u00e9s por la bater\u00eda: dura todo el d\u00eda y se carga rapid\u00edsimo. \u00a1Llev\u00e1 el tuyo ya y vive la experiencia completa!<\/p>\n","protected":false},"featured_media":21212,"comment_status":"open","ping_status":"closed","template":"","meta":[],"product_brand":[89],"product_cat":[124,111],"product_tag":[145],"class_list":{"0":"post-21210","1":"product","2":"type-product","3":"status-publish","4":"has-post-thumbnail","6":"product_brand-celulares-tecno","7":"product_cat-celulares","8":"product_cat-celulares-tecno","9":"product_tag-celulares-tecno","11":"first","12":"instock","13":"shipping-taxable","14":"purchasable","15":"product-type-simple"},"_links":{"self":[{"href":"https:\/\/atreveteacomprar.com\/index.php\/wp-json\/wp\/v2\/product\/21210","targetHints":{"allow":["GET"]}}],"collection":[{"href":"https:\/\/atreveteacomprar.com\/index.php\/wp-json\/wp\/v2\/product"}],"about":[{"href":"https:\/\/atreveteacomprar.com\/index.php\/wp-json\/wp\/v2\/types\/product"}],"replies":[{"embeddable":true,"href":"https:\/\/atreveteacomprar.com\/index.php\/wp-json\/wp\/v2\/comments?post=21210"}],"version-history":[{"count":2,"href":"https:\/\/atreveteacomprar.com\/index.php\/wp-json\/wp\/v2\/product\/21210\/revisions"}],"predecessor-version":[{"id":21220,"href":"https:\/\/atreveteacomprar.com\/index.php\/wp-json\/wp\/v2\/product\/21210\/revisions\/21220"}],"wp:featuredmedia":[{"embeddable":true,"href":"https:\/\/atreveteacomprar.com\/index.php\/wp-json\/wp\/v2\/media\/21212"}],"wp:attachment":[{"href":"https:\/\/atreveteacomprar.com\/index.php\/wp-json\/wp\/v2\/media?parent=21210"}],"wp:term":[{"taxonomy":"product_brand","embeddable":true,"href":"https:\/\/atreveteacomprar.com\/index.php\/wp-json\/wp\/v2\/product_brand?post=21210"},{"taxonomy":"product_cat","embeddable":true,"href":"https:\/\/atreveteacomprar.com\/index.php\/wp-json\/wp\/v2\/product_cat?post=21210"},{"taxonomy":"product_tag","embeddable":true,"href":"https:\/\/atreveteacomprar.com\/index.php\/wp-json\/wp\/v2\/product_tag?post=21210"}],"curies":[{"name":"wp","href":"https:\/\/api.w.org\/{rel}","templated":true}]}}