{"id":21275,"date":"2025-08-13T23:24:26","date_gmt":"2025-08-13T23:24:26","guid":{"rendered":"https:\/\/atreveteacomprar.com\/?post_type=product&#038;p=21275"},"modified":"2025-09-06T18:10:20","modified_gmt":"2025-09-06T23:10:20","slug":"xiaomi-redmi-15c-4gb-128gb","status":"publish","type":"product","link":"https:\/\/atreveteacomprar.com\/index.php\/producto\/xiaomi-redmi-15c-4gb-128gb\/","title":{"rendered":"Xiaomi Redmi 15C 4GB\/128GB"},"content":{"rendered":"<p>&nbsp;<\/p>\n<h2>Sobre\u00a0Xiaomi Redmi 15C<\/h2>\n<p>Este es un smartphone grande, con su\u00a0<strong>pantalla de 6.9 pulgadas<\/strong>\u00a0con resoluci\u00f3n HD+ y que cuenta con un panel IPS LCD. A esto hay que sumar una\u00a0<strong>tasa de refresco de 120 Hz<\/strong>, bastante alta para la gama de producto.<\/p>\n<h3>Procesador MediaTek de 8 n\u00facleos<\/h3>\n<p>En su interior tambi\u00e9n destaca por su\u00a0<strong>procesador de ocho n\u00facleos MediaTek Helio G81<\/strong>\u00a0con una potencia m\u00e1xima de hasta 2 GHz. Adem\u00e1s, esta versi\u00f3n cuenta con<strong>\u00a04GB de memoria RAM<\/strong>\u00a0y con\u00a0<strong>128GB de capacidad de almacenamiento<\/strong>.<\/p>\n<h3>C\u00e1mara doble trasera de 50 MPx<\/h3>\n<p>En su parte trasera cuenta con una\u00a0<strong>doble c\u00e1mara trasera de 50 MPx<\/strong>\u00a0como lente principal, acompa\u00f1ada de un segundo sensor para mejorar la calidad de la imagen. Apuesta con una c\u00e1mara frontal de 8 Mpx en el notch que permite tomar fotos con buena calidad y mejoradas gracias a la IA, que encontrar\u00e1s en su\u00a0<strong>sistema operativo Xiaomi HyperOS<\/strong>.<\/p>\n<h3>Gran bater\u00eda de 6000 mAh<\/h3>\n<p>Otro aspecto destacado es su\u00a0<strong>enorme bater\u00eda de 6000 mAh<\/strong>\u00a0que permite usarlo durante mucho tiempo. Adem\u00e1s, destaca por su\u00a0<strong>carga r\u00e1pida de 33W<\/strong>.<\/p>\n<table class=\"spec_table table-ppo\">\n<tbody>\n<tr>\n<td colspan=\"2\">Especificaciones t\u00e9cnicas Xiaomi Redmi 15C 4GB\/128GB Negro<\/td>\n<\/tr>\n<tr>\n<td colspan=\"2\">Sistema<\/td>\n<\/tr>\n<tr>\n<td>Sistema operativo:<\/td>\n<td>Xiaomi HyperOS (Basado en Android)<\/td>\n<\/tr>\n<tr>\n<td>Procesador:<\/td>\n<td>Octa Core , MediaTek Helio G81 2x 2.0 GHz ARM Cortex-A75, 6x 1.8 GHz ARM Cortex-A55 a 2 GHz<\/td>\n<\/tr>\n<tr>\n<td>Gr\u00e1fica:<\/td>\n<td>ARM Mali-G52 MC, N\u00facleos:<\/td>\n<\/tr>\n<tr>\n<td>RAM:<\/td>\n<td>4 GB<\/td>\n<\/tr>\n<tr>\n<td>Memoria interna:<\/td>\n<td>128 GB<\/td>\n<\/tr>\n<tr>\n<td>Tarjeta SD:<\/td>\n<td>No<\/td>\n<\/tr>\n<tr>\n<td>SIM:<\/td>\n<td>DualSim<\/td>\n<\/tr>\n<tr>\n<td>Tipo tarjeta:<\/td>\n<td>Nano SIM \/ Nano SIM<\/td>\n<\/tr>\n<tr>\n<td>Idioma:<\/td>\n<td>Multi Idioma (Incluye Espa\u00f1ol y Portugu\u00e9s)<\/td>\n<\/tr>\n<tr>\n<td>Play Store:<\/td>\n<td>S\u00ed<\/td>\n<\/tr>\n<tr>\n<td colspan=\"2\">Pantalla<\/td>\n<\/tr>\n<tr>\n<td>Caracter\u00edsticas:<\/td>\n<td>6.9&#8243; LCD IPS<\/td>\n<\/tr>\n<tr>\n<td>Definici\u00f3n:<\/td>\n<td>HD+<\/td>\n<\/tr>\n<tr>\n<td>Tasa de refresco:<\/td>\n<td>120Hz<\/td>\n<\/tr>\n<tr>\n<td colspan=\"2\">C\u00e1mara<\/td>\n<\/tr>\n<tr>\n<td>Frontal:<\/td>\n<td>8 MP &#8211;\u00a0\u0192\/2.0<\/td>\n<\/tr>\n<tr>\n<td>Trasera:<\/td>\n<td>50MP main camera | 5P lens, \u0192\/1.8<\/td>\n<\/tr>\n<tr>\n<td>Flash:<\/td>\n<td>S\u00ed LED<\/td>\n<\/tr>\n<\/tbody>\n<\/table>\n","protected":false},"excerpt":{"rendered":"<p>En su parte trasera cuenta con una\u00a0<strong>doble c\u00e1mara trasera de 50 MPx<\/strong>\u00a0como lente principal, acompa\u00f1ada de un segundo sensor para mejorar la calidad de la imagen. Apuesta con una c\u00e1mara frontal de 8 Mpx en el notch que permite tomar fotos con buena calidad y mejoradas gracias a la IA, que encontrar\u00e1s en su\u00a0<strong>sistema operativo Xiaomi HyperOS<\/strong>.<\/p>\n","protected":false},"featured_media":21279,"comment_status":"open","ping_status":"closed","template":"","meta":[],"product_brand":[87],"product_cat":[124,113],"product_tag":[142],"class_list":{"0":"post-21275","1":"product","2":"type-product","3":"status-publish","4":"has-post-thumbnail","6":"product_brand-celulares-xiaomi","7":"product_cat-celulares","8":"product_cat-celulares-xiaomi","9":"product_tag-celulares-xiaomi","11":"first","12":"instock","13":"shipping-taxable","14":"purchasable","15":"product-type-simple"},"_links":{"self":[{"href":"https:\/\/atreveteacomprar.com\/index.php\/wp-json\/wp\/v2\/product\/21275","targetHints":{"allow":["GET"]}}],"collection":[{"href":"https:\/\/atreveteacomprar.com\/index.php\/wp-json\/wp\/v2\/product"}],"about":[{"href":"https:\/\/atreveteacomprar.com\/index.php\/wp-json\/wp\/v2\/types\/product"}],"replies":[{"embeddable":true,"href":"https:\/\/atreveteacomprar.com\/index.php\/wp-json\/wp\/v2\/comments?post=21275"}],"version-history":[{"count":1,"href":"https:\/\/atreveteacomprar.com\/index.php\/wp-json\/wp\/v2\/product\/21275\/revisions"}],"predecessor-version":[{"id":21283,"href":"https:\/\/atreveteacomprar.com\/index.php\/wp-json\/wp\/v2\/product\/21275\/revisions\/21283"}],"wp:featuredmedia":[{"embeddable":true,"href":"https:\/\/atreveteacomprar.com\/index.php\/wp-json\/wp\/v2\/media\/21279"}],"wp:attachment":[{"href":"https:\/\/atreveteacomprar.com\/index.php\/wp-json\/wp\/v2\/media?parent=21275"}],"wp:term":[{"taxonomy":"product_brand","embeddable":true,"href":"https:\/\/atreveteacomprar.com\/index.php\/wp-json\/wp\/v2\/product_brand?post=21275"},{"taxonomy":"product_cat","embeddable":true,"href":"https:\/\/atreveteacomprar.com\/index.php\/wp-json\/wp\/v2\/product_cat?post=21275"},{"taxonomy":"product_tag","embeddable":true,"href":"https:\/\/atreveteacomprar.com\/index.php\/wp-json\/wp\/v2\/product_tag?post=21275"}],"curies":[{"name":"wp","href":"https:\/\/api.w.org\/{rel}","templated":true}]}}