{"id":21297,"date":"2025-08-14T01:25:28","date_gmt":"2025-08-14T01:25:28","guid":{"rendered":"https:\/\/atreveteacomprar.com\/?post_type=product&#038;p=21297"},"modified":"2025-09-06T17:51:06","modified_gmt":"2025-09-06T22:51:06","slug":"iphone-13-128gb-azul-medianoche-sim-fisica","status":"publish","type":"product","link":"https:\/\/atreveteacomprar.com\/index.php\/producto\/iphone-13-128gb-azul-medianoche-sim-fisica\/","title":{"rendered":"iPhone 13 128GB Azul Medianoche &#8211; sim f\u00edsica"},"content":{"rendered":"<p>Dise\u00f1amos una arquitectura completamente nueva y giramos los lentes 45 grados. De esta manera, pudimos incluir nuestro sistema de dos c\u00e1maras m\u00e1s avanzado y un sensor de c\u00e1mara gran angular m\u00e1s grande. Adem\u00e1s, hicimos lugar para nuestra estabilizaci\u00f3n \u00f3ptica de imagen por desplazamiento de sensor. Y equipamos la c\u00e1mara ultra gran angular con un sensor m\u00e1s r\u00e1pido.Tu iPhone es compatible con eSIM. Consulta con tu operador los pasos para activarla.<\/p>\n<div class=\"new-container__table__classifications___type__wrap\">\n<h3 class=\"new-container__table__classifications___type__title\">Almacenamiento y Procesamiento<\/h3>\n<div class=\"new-container__table__classifications___type \">\n<div class=\"new-container__table__classifications___type__item\">\n<div class=\"new-container__table__classifications___type__item_feature\">Memoria Interna<\/div>\n<div class=\"new-container__table__classifications___type__item_result\">128 GB<\/div>\n<\/div>\n<div class=\"new-container__table__classifications___type__item\">\n<div class=\"new-container__table__classifications___type__item_feature\">Marca del Procesador<\/div>\n<div class=\"new-container__table__classifications___type__item_result\">Apple<\/div>\n<\/div>\n<div class=\"new-container__table__classifications___type__item\">\n<div class=\"new-container__table__classifications___type__item_feature\">N\u00famero de N\u00facleos (m\u00e1s n\u00facleos m\u00e1s multitareas)<\/div>\n<div class=\"new-container__table__classifications___type__item_result\">6\u00a0 Nucleos<\/div>\n<\/div>\n<div class=\"new-container__table__classifications___type__item\">\n<div class=\"new-container__table__classifications___type__item_feature\">Sistema Operativo<\/div>\n<div class=\"new-container__table__classifications___type__item_result\">iOS<\/div>\n<\/div>\n<div class=\"new-container__table__classifications___type__item\">\n<div class=\"new-container__table__classifications___type__item_feature\">Version Sistema Operativo<\/div>\n<div class=\"new-container__table__classifications___type__item_result\">iOs 15<\/div>\n<\/div>\n<div class=\"new-container__table__classifications___type__item new-container__table__classifications___type__item--void\">\n<div class=\"new-container__table__classifications___type__item_feature\"><\/div>\n<div class=\"new-container__table__classifications___type__item_result\"><\/div>\n<\/div>\n<\/div>\n<\/div>\n<div class=\"new-container__table__classifications___type__wrap\">\n<h3 class=\"new-container__table__classifications___type__title\">C\u00e1mara<\/h3>\n<div class=\"new-container__table__classifications___type \">\n<div class=\"new-container__table__classifications___type__item\">\n<div class=\"new-container__table__classifications___type__item_feature\">Tipo de Camara Frontal<\/div>\n<div class=\"new-container__table__classifications___type__item_result\">Sencilla<\/div>\n<\/div>\n<div class=\"new-container__table__classifications___type__item\">\n<div class=\"new-container__table__classifications___type__item_feature\">Resolucion Camara Frontal 1<\/div>\n<div class=\"new-container__table__classifications___type__item_result\">12\u00a0 Mpx<\/div>\n<\/div>\n<div class=\"new-container__table__classifications___type__item\">\n<div class=\"new-container__table__classifications___type__item_feature\">Tipo de Camara Posterior<\/div>\n<div class=\"new-container__table__classifications___type__item_result\">Triple<\/div>\n<\/div>\n<div class=\"new-container__table__classifications___type__item\">\n<div class=\"new-container__table__classifications___type__item_feature\">Resolucion Camara Posterior 1<\/div>\n<div class=\"new-container__table__classifications___type__item_result\">12\u00a0 Mpx<\/div>\n<\/div>\n<div class=\"new-container__table__classifications___type__item\">\n<div class=\"new-container__table__classifications___type__item_feature\">Flash Frontal<\/div>\n<div class=\"new-container__table__classifications___type__item_result\">SI Tiene Flash Frontal<\/div>\n<\/div>\n<div class=\"new-container__table__classifications___type__item\">\n<div class=\"new-container__table__classifications___type__item_feature\">Flash Posterior<\/div>\n<div class=\"new-container__table__classifications___type__item_result\">SI Tiene Flash Posterior<\/div>\n<\/div>\n<\/div>\n<\/div>\n","protected":false},"excerpt":{"rendered":"<p>Dise\u00f1amos una arquitectura completamente nueva y giramos los lentes 45 grados. De esta manera, pudimos incluir nuestro sistema de dos c\u00e1maras m\u00e1s avanzado y un sensor de c\u00e1mara gran angular m\u00e1s grande. Adem\u00e1s, hicimos lugar para nuestra estabilizaci\u00f3n \u00f3ptica de imagen por desplazamiento de sensor. Y equipamos la c\u00e1mara ultra gran angular con un sensor m\u00e1s r\u00e1pido.Tu iPhone es compatible con eSIM. Consulta con tu operador los pasos para activarla.<\/p>\n","protected":false},"featured_media":21298,"comment_status":"open","ping_status":"closed","template":"","meta":[],"product_brand":[66],"product_cat":[124,105],"product_tag":[144,148,147],"class_list":{"0":"post-21297","1":"product","2":"type-product","3":"status-publish","4":"has-post-thumbnail","6":"product_brand-apple","7":"product_cat-celulares","8":"product_cat-celualres-iphone","9":"product_tag-celulares-iphone","10":"product_tag-iphone-de-exhibicion","11":"product_tag-iphone-usado","13":"first","14":"instock","15":"shipping-taxable","16":"purchasable","17":"product-type-simple"},"_links":{"self":[{"href":"https:\/\/atreveteacomprar.com\/index.php\/wp-json\/wp\/v2\/product\/21297","targetHints":{"allow":["GET"]}}],"collection":[{"href":"https:\/\/atreveteacomprar.com\/index.php\/wp-json\/wp\/v2\/product"}],"about":[{"href":"https:\/\/atreveteacomprar.com\/index.php\/wp-json\/wp\/v2\/types\/product"}],"replies":[{"embeddable":true,"href":"https:\/\/atreveteacomprar.com\/index.php\/wp-json\/wp\/v2\/comments?post=21297"}],"version-history":[{"count":2,"href":"https:\/\/atreveteacomprar.com\/index.php\/wp-json\/wp\/v2\/product\/21297\/revisions"}],"predecessor-version":[{"id":21305,"href":"https:\/\/atreveteacomprar.com\/index.php\/wp-json\/wp\/v2\/product\/21297\/revisions\/21305"}],"wp:featuredmedia":[{"embeddable":true,"href":"https:\/\/atreveteacomprar.com\/index.php\/wp-json\/wp\/v2\/media\/21298"}],"wp:attachment":[{"href":"https:\/\/atreveteacomprar.com\/index.php\/wp-json\/wp\/v2\/media?parent=21297"}],"wp:term":[{"taxonomy":"product_brand","embeddable":true,"href":"https:\/\/atreveteacomprar.com\/index.php\/wp-json\/wp\/v2\/product_brand?post=21297"},{"taxonomy":"product_cat","embeddable":true,"href":"https:\/\/atreveteacomprar.com\/index.php\/wp-json\/wp\/v2\/product_cat?post=21297"},{"taxonomy":"product_tag","embeddable":true,"href":"https:\/\/atreveteacomprar.com\/index.php\/wp-json\/wp\/v2\/product_tag?post=21297"}],"curies":[{"name":"wp","href":"https:\/\/api.w.org\/{rel}","templated":true}]}}