{"id":21304,"date":"2025-08-14T01:37:54","date_gmt":"2025-08-14T01:37:54","guid":{"rendered":"https:\/\/atreveteacomprar.com\/?post_type=product&#038;p=21304"},"modified":"2025-09-06T17:51:06","modified_gmt":"2025-09-06T22:51:06","slug":"iphone-15-128-gb-sim-fisica","status":"publish","type":"product","link":"https:\/\/atreveteacomprar.com\/index.php\/producto\/iphone-15-128-gb-sim-fisica\/","title":{"rendered":"iPhone 15 128 GB sim f\u00edsica"},"content":{"rendered":"<p>\u00a1Con el iPhone 15 descubrir\u00e1s la magia de la Isla Din\u00e1mica! Puedes interactuar con alertas y Actividades en Vivo: m\u00fasica, llamadas, hasta consultar el estado de tu vuelo. Ya no te perder\u00e1s de nada mientras haces de todo. Su dise\u00f1o elegante viene con un robusto vidrio con infusi\u00f3n de color y frente de Ceramic Shield, m\u00e1s resistente que cualquier vidrio de smartphone. Cuenta con una c\u00e1mara de 48 MP, hace capturas en superalta resoluci\u00f3n para que sea m\u00e1s f\u00e1cil que nunca tomar fotos espectaculares y con gran nivel de detalle. \u00a1Lleva el tuyo ahora y vive la experiencia completa del iPhone 15! Consulta con tu operador los pasos para activarla.<\/p>\n<ul class=\"tab-details__keyFeatures--list\">\n<li class=\"tab-details__keyFeatures--item\">Teleobjetivo 2x: Tomas perfectas en primer plano<\/li>\n<li class=\"tab-details__keyFeatures--item\">C\u00e1mara de 48 MP: Fotos espectaculares y detalladas<\/li>\n<li class=\"tab-details__keyFeatures--item\">Chip A16 Bionic: Potencia y eficiencia todo el d\u00eda<\/li>\n<li class=\"tab-details__keyFeatures--item\">Detecci\u00f3n de Choques: iPhone solicita ayuda por ti<\/li>\n<li class=\"tab-details__keyFeatures--item\">Llega al final del d\u00eda con una sola carga<\/li>\n<\/ul>\n<div class=\"new-container__table__classifications___type__wrap\">\n<h3 class=\"new-container__table__classifications___type__title\">Almacenamiento y Procesamiento<\/h3>\n<div class=\"new-container__table__classifications___type \">\n<div class=\"new-container__table__classifications___type__item\">\n<div class=\"new-container__table__classifications___type__item_feature\">Memoria Interna<\/div>\n<div class=\"new-container__table__classifications___type__item_result\">128 GB<\/div>\n<\/div>\n<div class=\"new-container__table__classifications___type__item\">\n<div class=\"new-container__table__classifications___type__item_feature\">Memoria RAM<\/div>\n<div class=\"new-container__table__classifications___type__item_result\">6 GB<\/div>\n<\/div>\n<div class=\"new-container__table__classifications___type__item\">\n<div class=\"new-container__table__classifications___type__item_feature\">Marca del Procesador<\/div>\n<div class=\"new-container__table__classifications___type__item_result\">Apple<\/div>\n<\/div>\n<div class=\"new-container__table__classifications___type__item\">\n<div class=\"new-container__table__classifications___type__item_feature\">N\u00famero de N\u00facleos (m\u00e1s n\u00facleos m\u00e1s multitareas)<\/div>\n<div class=\"new-container__table__classifications___type__item_result\">6\u00a0 Nucleos<\/div>\n<\/div>\n<div class=\"new-container__table__classifications___type__item\">\n<div class=\"new-container__table__classifications___type__item_feature\">Velocidad del Procesador<\/div>\n<div class=\"new-container__table__classifications___type__item_result\">3,4 Ghz<\/div>\n<\/div>\n<div class=\"new-container__table__classifications___type__item\">\n<div class=\"new-container__table__classifications___type__item_feature\">Sistema Operativo<\/div>\n<div class=\"new-container__table__classifications___type__item_result\">iOS<\/div>\n<\/div>\n<div class=\"new-container__table__classifications___type__item\">\n<div class=\"new-container__table__classifications___type__item_feature\">Version Sistema Operativo<\/div>\n<div class=\"new-container__table__classifications___type__item_result\">iOS 17<\/div>\n<\/div>\n<div class=\"new-container__table__classifications___type__item new-container__table__classifications___type__item--void\">\n<div class=\"new-container__table__classifications___type__item_feature\"><\/div>\n<div class=\"new-container__table__classifications___type__item_result\"><\/div>\n<\/div>\n<\/div>\n<\/div>\n<div class=\"new-container__table__classifications___type__wrap\">\n<h3 class=\"new-container__table__classifications___type__title\">C\u00e1mara<\/h3>\n<div class=\"new-container__table__classifications___type \">\n<div class=\"new-container__table__classifications___type__item\">\n<div class=\"new-container__table__classifications___type__item_feature\">Tipo de Camara Frontal<\/div>\n<div class=\"new-container__table__classifications___type__item_result\">Sencilla<\/div>\n<\/div>\n<div class=\"new-container__table__classifications___type__item\">\n<div class=\"new-container__table__classifications___type__item_feature\">Resolucion Camara Frontal 1<\/div>\n<div class=\"new-container__table__classifications___type__item_result\">12\u00a0 Mpx<\/div>\n<\/div>\n<div class=\"new-container__table__classifications___type__item\">\n<div class=\"new-container__table__classifications___type__item_feature\">Tipo de Camara Posterior<\/div>\n<div class=\"new-container__table__classifications___type__item_result\">Dual<\/div>\n<\/div>\n<div class=\"new-container__table__classifications___type__item\">\n<div class=\"new-container__table__classifications___type__item_feature\">Resolucion Camara Posterior 1<\/div>\n<div class=\"new-container__table__classifications___type__item_result\">48\u00a0 Mpx<\/div>\n<\/div>\n<div class=\"new-container__table__classifications___type__item\">\n<div class=\"new-container__table__classifications___type__item_feature\">Resolucion Otras Camaras Posteriores<\/div>\n<div class=\"new-container__table__classifications___type__item_result\">12MPX<\/div>\n<\/div>\n<div class=\"new-container__table__classifications___type__item\">\n<div class=\"new-container__table__classifications___type__item_feature\">Flash Frontal<\/div>\n<div class=\"new-container__table__classifications___type__item_result\">SI Tiene Flash Frontal<\/div>\n<\/div>\n<div class=\"new-container__table__classifications___type__item\">\n<div class=\"new-container__table__classifications___type__item_feature\">Flash Posterior<\/div>\n<div class=\"new-container__table__classifications___type__item_result\">SI Tiene Flash Posterior<\/div>\n<\/div>\n<div class=\"new-container__table__classifications___type__item new-container__table__classifications___type__item--void\">\n<div class=\"new-container__table__classifications___type__item_feature\"><\/div>\n<\/div>\n<\/div>\n<\/div>\n","protected":false},"excerpt":{"rendered":"<p>\u00a1Con el iPhone 15 descubrir\u00e1s la magia de la Isla Din\u00e1mica! Puedes interactuar con alertas y Actividades en Vivo: m\u00fasica, llamadas, hasta consultar el estado de tu vuelo. Ya no te perder\u00e1s de nada mientras haces de todo. Su dise\u00f1o elegante viene con un robusto vidrio con infusi\u00f3n de color y frente de Ceramic Shield, m\u00e1s resistente que cualquier vidrio de smartphone. Cuenta con una c\u00e1mara de 48 MP, hace capturas en superalta resoluci\u00f3n para que sea m\u00e1s f\u00e1cil que nunca tomar fotos espectaculares y con gran nivel de detalle. \u00a1Lleva el tuyo ahora y vive la experiencia completa del iPhone 15! Consulta con tu operador los pasos para activarla.<\/p>\n","protected":false},"featured_media":21306,"comment_status":"open","ping_status":"closed","template":"","meta":[],"product_brand":[66],"product_cat":[124,105],"product_tag":[144,148,147],"class_list":{"0":"post-21304","1":"product","2":"type-product","3":"status-publish","4":"has-post-thumbnail","6":"product_brand-apple","7":"product_cat-celulares","8":"product_cat-celualres-iphone","9":"product_tag-celulares-iphone","10":"product_tag-iphone-de-exhibicion","11":"product_tag-iphone-usado","13":"first","14":"instock","15":"shipping-taxable","16":"purchasable","17":"product-type-simple"},"_links":{"self":[{"href":"https:\/\/atreveteacomprar.com\/index.php\/wp-json\/wp\/v2\/product\/21304","targetHints":{"allow":["GET"]}}],"collection":[{"href":"https:\/\/atreveteacomprar.com\/index.php\/wp-json\/wp\/v2\/product"}],"about":[{"href":"https:\/\/atreveteacomprar.com\/index.php\/wp-json\/wp\/v2\/types\/product"}],"replies":[{"embeddable":true,"href":"https:\/\/atreveteacomprar.com\/index.php\/wp-json\/wp\/v2\/comments?post=21304"}],"version-history":[{"count":1,"href":"https:\/\/atreveteacomprar.com\/index.php\/wp-json\/wp\/v2\/product\/21304\/revisions"}],"predecessor-version":[{"id":21311,"href":"https:\/\/atreveteacomprar.com\/index.php\/wp-json\/wp\/v2\/product\/21304\/revisions\/21311"}],"wp:featuredmedia":[{"embeddable":true,"href":"https:\/\/atreveteacomprar.com\/index.php\/wp-json\/wp\/v2\/media\/21306"}],"wp:attachment":[{"href":"https:\/\/atreveteacomprar.com\/index.php\/wp-json\/wp\/v2\/media?parent=21304"}],"wp:term":[{"taxonomy":"product_brand","embeddable":true,"href":"https:\/\/atreveteacomprar.com\/index.php\/wp-json\/wp\/v2\/product_brand?post=21304"},{"taxonomy":"product_cat","embeddable":true,"href":"https:\/\/atreveteacomprar.com\/index.php\/wp-json\/wp\/v2\/product_cat?post=21304"},{"taxonomy":"product_tag","embeddable":true,"href":"https:\/\/atreveteacomprar.com\/index.php\/wp-json\/wp\/v2\/product_tag?post=21304"}],"curies":[{"name":"wp","href":"https:\/\/api.w.org\/{rel}","templated":true}]}}