{"id":21350,"date":"2025-08-14T02:27:37","date_gmt":"2025-08-14T02:27:37","guid":{"rendered":"https:\/\/atreveteacomprar.com\/?post_type=product&#038;p=21350"},"modified":"2025-09-06T17:51:05","modified_gmt":"2025-09-06T22:51:05","slug":"iphone-16-pro-max-512-gb-sim-virtual","status":"publish","type":"product","link":"https:\/\/atreveteacomprar.com\/index.php\/producto\/iphone-16-pro-max-512-gb-sim-virtual\/","title":{"rendered":"iPhone 16 Pro Max 512 GB sim virtual"},"content":{"rendered":"<p>iPhone 16 Pro Max: Dise\u00f1ado para Apple Intelligence con un elegante y resistente dise\u00f1o de titanio. Equipado con el potente chip A18 Pro, ofrece funcionalidades avanzadas para fotos y videos. Su control de c\u00e1mara te permite ajustar exposici\u00f3n, profundidad, cambiar lentes y encontrar el encuadre perfecto. La c\u00e1mara Fusion de 48 MP proporciona alta resoluci\u00f3n y frecuencia de cuadros, y puedes ajustar la velocidad de reproducci\u00f3n despu\u00e9s de grabar. Con hasta 27 horas de reproducci\u00f3n de video, es potente y eficiente. \u00a1Compra el Tuyo Ahora!\u00a0Tu iPhone es compatible con eSIM. Consulta con tu operador los pasos para activarla.<\/p>\n<ul class=\"tab-details__keyFeatures--list\">\n<li class=\"tab-details__keyFeatures--item\">Dise\u00f1o de Titanio resistente y liviano.<\/li>\n<li class=\"tab-details__keyFeatures--item\">Escribe, comun\u00edcate y organ\u00edzate mejor con Apple Intelligence<\/li>\n<li class=\"tab-details__keyFeatures--item\">Chip A18 Pro: Rendimiento e inteligencia incomparables<\/li>\n<li class=\"tab-details__keyFeatures--item\">Su bater\u00eda ofrece hasta 33 horas de reproducci\u00f3n de video<\/li>\n<li class=\"tab-details__keyFeatures--item\">Con iOS 18 puedes personalizar los colores de los \u00edconos<\/li>\n<\/ul>\n<div class=\"new-container__table__classifications___type__wrap\">\n<h3 class=\"new-container__table__classifications___type__title\">Almacenamiento y Procesamiento<\/h3>\n<div class=\"new-container__table__classifications___type \">\n<div class=\"new-container__table__classifications___type__item\">\n<div class=\"new-container__table__classifications___type__item_feature\">Memoria Interna<\/div>\n<div class=\"new-container__table__classifications___type__item_result\">512 GB<\/div>\n<\/div>\n<div class=\"new-container__table__classifications___type__item\">\n<div class=\"new-container__table__classifications___type__item_feature\">Marca del Procesador<\/div>\n<div class=\"new-container__table__classifications___type__item_result\">Apple<\/div>\n<\/div>\n<div class=\"new-container__table__classifications___type__item\">\n<div class=\"new-container__table__classifications___type__item_feature\">N\u00famero de N\u00facleos (m\u00e1s n\u00facleos m\u00e1s multitareas)<\/div>\n<div class=\"new-container__table__classifications___type__item_result\">6\u00a0 Nucleos<\/div>\n<\/div>\n<div class=\"new-container__table__classifications___type__item\">\n<div class=\"new-container__table__classifications___type__item_feature\">Sistema Operativo<\/div>\n<div class=\"new-container__table__classifications___type__item_result\">iOS<\/div>\n<\/div>\n<div class=\"new-container__table__classifications___type__item\">\n<div class=\"new-container__table__classifications___type__item_feature\">Version Sistema Operativo<\/div>\n<div class=\"new-container__table__classifications___type__item_result\">iOS 18<\/div>\n<\/div>\n<div class=\"new-container__table__classifications___type__item new-container__table__classifications___type__item--void\">\n<div class=\"new-container__table__classifications___type__item_feature\"><\/div>\n<div class=\"new-container__table__classifications___type__item_result\"><\/div>\n<\/div>\n<\/div>\n<\/div>\n<div class=\"new-container__table__classifications___type__wrap\">\n<h3 class=\"new-container__table__classifications___type__title\">C\u00e1mara<\/h3>\n<div class=\"new-container__table__classifications___type \">\n<div class=\"new-container__table__classifications___type__item\">\n<div class=\"new-container__table__classifications___type__item_feature\">Tipo de Camara Frontal<\/div>\n<div class=\"new-container__table__classifications___type__item_result\">Sencilla<\/div>\n<\/div>\n<div class=\"new-container__table__classifications___type__item\">\n<div class=\"new-container__table__classifications___type__item_feature\">Resolucion Camara Frontal 1<\/div>\n<div class=\"new-container__table__classifications___type__item_result\">12\u00a0 Mpx<\/div>\n<\/div>\n<div class=\"new-container__table__classifications___type__item\">\n<div class=\"new-container__table__classifications___type__item_feature\">Tipo de Camara Posterior<\/div>\n<div class=\"new-container__table__classifications___type__item_result\">Triple<\/div>\n<\/div>\n<div class=\"new-container__table__classifications___type__item\">\n<div class=\"new-container__table__classifications___type__item_feature\">Resolucion Camara Posterior 1<\/div>\n<div class=\"new-container__table__classifications___type__item_result\">48\u00a0 Mpx<\/div>\n<\/div>\n<div class=\"new-container__table__classifications___type__item\">\n<div class=\"new-container__table__classifications___type__item_feature\">Resolucion Otras Camaras Posteriores<\/div>\n<div class=\"new-container__table__classifications___type__item_result\">12<\/div>\n<\/div>\n<div class=\"new-container__table__classifications___type__item\">\n<div class=\"new-container__table__classifications___type__item_feature\">Flash Frontal<\/div>\n<div class=\"new-container__table__classifications___type__item_result\">SI Tiene Flash Frontal<\/div>\n<\/div>\n<div class=\"new-container__table__classifications___type__item\">\n<div class=\"new-container__table__classifications___type__item_feature\">Flash Posterior<\/div>\n<div class=\"new-container__table__classifications___type__item_result\">SI Tiene Flash Posterior<\/div>\n<\/div>\n<div class=\"new-container__table__classifications___type__item new-container__table__classifications___type__item--void\">\n<div class=\"new-container__table__classifications___type__item_feature\"><\/div>\n<\/div>\n<\/div>\n<\/div>\n","protected":false},"excerpt":{"rendered":"<p>iPhone 16 Pro Max: Dise\u00f1ado para Apple Intelligence con un elegante y resistente dise\u00f1o de titanio. Equipado con el potente chip A18 Pro, ofrece funcionalidades avanzadas para fotos y videos. Su control de c\u00e1mara te permite ajustar exposici\u00f3n, profundidad, cambiar lentes y encontrar el encuadre perfecto. La c\u00e1mara Fusion de 48 MP proporciona alta resoluci\u00f3n y frecuencia de cuadros, y puedes ajustar la velocidad de reproducci\u00f3n despu\u00e9s de grabar. Con hasta 27 horas de reproducci\u00f3n de video, es potente y eficiente. \u00a1Compra el Tuyo Ahora!\u00a0Tu iPhone es compatible con eSIM. Consulta con tu operador los pasos para activarla.<\/p>\n","protected":false},"featured_media":21355,"comment_status":"open","ping_status":"closed","template":"","meta":[],"product_brand":[66],"product_cat":[124,105],"product_tag":[144,148,147],"class_list":{"0":"post-21350","1":"product","2":"type-product","3":"status-publish","4":"has-post-thumbnail","6":"product_brand-apple","7":"product_cat-celulares","8":"product_cat-celualres-iphone","9":"product_tag-celulares-iphone","10":"product_tag-iphone-de-exhibicion","11":"product_tag-iphone-usado","13":"first","14":"instock","15":"shipping-taxable","16":"purchasable","17":"product-type-simple"},"_links":{"self":[{"href":"https:\/\/atreveteacomprar.com\/index.php\/wp-json\/wp\/v2\/product\/21350","targetHints":{"allow":["GET"]}}],"collection":[{"href":"https:\/\/atreveteacomprar.com\/index.php\/wp-json\/wp\/v2\/product"}],"about":[{"href":"https:\/\/atreveteacomprar.com\/index.php\/wp-json\/wp\/v2\/types\/product"}],"replies":[{"embeddable":true,"href":"https:\/\/atreveteacomprar.com\/index.php\/wp-json\/wp\/v2\/comments?post=21350"}],"version-history":[{"count":1,"href":"https:\/\/atreveteacomprar.com\/index.php\/wp-json\/wp\/v2\/product\/21350\/revisions"}],"predecessor-version":[{"id":21360,"href":"https:\/\/atreveteacomprar.com\/index.php\/wp-json\/wp\/v2\/product\/21350\/revisions\/21360"}],"wp:featuredmedia":[{"embeddable":true,"href":"https:\/\/atreveteacomprar.com\/index.php\/wp-json\/wp\/v2\/media\/21355"}],"wp:attachment":[{"href":"https:\/\/atreveteacomprar.com\/index.php\/wp-json\/wp\/v2\/media?parent=21350"}],"wp:term":[{"taxonomy":"product_brand","embeddable":true,"href":"https:\/\/atreveteacomprar.com\/index.php\/wp-json\/wp\/v2\/product_brand?post=21350"},{"taxonomy":"product_cat","embeddable":true,"href":"https:\/\/atreveteacomprar.com\/index.php\/wp-json\/wp\/v2\/product_cat?post=21350"},{"taxonomy":"product_tag","embeddable":true,"href":"https:\/\/atreveteacomprar.com\/index.php\/wp-json\/wp\/v2\/product_tag?post=21350"}],"curies":[{"name":"wp","href":"https:\/\/api.w.org\/{rel}","templated":true}]}}