{"id":21423,"date":"2025-08-14T14:32:37","date_gmt":"2025-08-14T14:32:37","guid":{"rendered":"https:\/\/atreveteacomprar.com\/?post_type=product&#038;p=21423"},"modified":"2025-09-06T18:11:23","modified_gmt":"2025-09-06T23:11:23","slug":"zte-nubia-focus-5g-256gb6gb","status":"publish","type":"product","link":"https:\/\/atreveteacomprar.com\/index.php\/producto\/zte-nubia-focus-5g-256gb6gb\/","title":{"rendered":"Zte Nubia Focus 5g 256gb+6gb"},"content":{"rendered":"<p>Capacidad y eficiencia<br \/>\nCon su potente procesador y memoria RAM de 6 GB tu equipo alcanzar\u00e1 un alto rendimiento con gran velocidad de transmisi\u00f3n de contenidos y ejecutar\u00e1 m\u00faltiples aplicaciones a la vez sin demoras.<\/p>\n<p>Capacidad de almacenamiento ilimitada<br \/>\nOlv\u00eddate de borrar. Con su memoria interna de 256 GB podr\u00e1s descargar todos los archivos y aplicaciones que necesites, guardar fotos y almacenar tus pel\u00edculas, series y videos favoritos para reproducirlos cuando quieras.<\/p>\n<div class=\"ui-pdp-container__row ui-pdp-container__row--highlighted-features-title\">\n<h2 class=\"ui-vpp-text-alignment--left ui-pdp-color--BLACK ui-pdp-size--XSMALL ui-pdp-family--SEMIBOLD highlighted-features-title\">Lo que tienes que saber de este producto<\/h2>\n<\/div>\n<div class=\"ui-pdp-container__row ui-pdp-container__row--highlighted-features\">\n<div class=\"ui-vpp-highlighted-specs__features\">\n<ul class=\"ui-vpp-highlighted-specs__features-list\">\n<li class=\"ui-vpp-highlighted-specs__features-list-item ui-pdp-color--BLACK ui-pdp-size--XSMALL ui-pdp-family--REGULAR\">Memoria RAM: 6 GB.<\/li>\n<li class=\"ui-vpp-highlighted-specs__features-list-item ui-pdp-color--BLACK ui-pdp-size--XSMALL ui-pdp-family--REGULAR\">Dispositivo desbloqueado para que elijas la compa\u00f1\u00eda telef\u00f3nica que prefieras.<\/li>\n<li class=\"ui-vpp-highlighted-specs__features-list-item ui-pdp-color--BLACK ui-pdp-size--XSMALL ui-pdp-family--REGULAR\">Compatible con redes 5G.<\/li>\n<li class=\"ui-vpp-highlighted-specs__features-list-item ui-pdp-color--BLACK ui-pdp-size--XSMALL ui-pdp-family--REGULAR\">Memoria interna de 256GB.<\/li>\n<\/ul>\n<\/div>\n<\/div>\n","protected":false},"excerpt":{"rendered":"<p>Capacidad y eficiencia<br \/>\nCon su potente procesador y memoria RAM de 6 GB tu equipo alcanzar\u00e1 un alto rendimiento con gran velocidad de transmisi\u00f3n de contenidos y ejecutar\u00e1 m\u00faltiples aplicaciones a la vez sin demoras.<\/p>\n","protected":false},"featured_media":21424,"comment_status":"open","ping_status":"closed","template":"","meta":[],"product_brand":[86],"product_cat":[124,114],"product_tag":[151],"class_list":{"0":"post-21423","1":"product","2":"type-product","3":"status-publish","4":"has-post-thumbnail","6":"product_brand-celulares-zte","7":"product_cat-celulares","8":"product_cat-celulares-zte","9":"product_tag-celulares-zte","11":"first","12":"instock","13":"shipping-taxable","14":"purchasable","15":"product-type-simple"},"_links":{"self":[{"href":"https:\/\/atreveteacomprar.com\/index.php\/wp-json\/wp\/v2\/product\/21423","targetHints":{"allow":["GET"]}}],"collection":[{"href":"https:\/\/atreveteacomprar.com\/index.php\/wp-json\/wp\/v2\/product"}],"about":[{"href":"https:\/\/atreveteacomprar.com\/index.php\/wp-json\/wp\/v2\/types\/product"}],"replies":[{"embeddable":true,"href":"https:\/\/atreveteacomprar.com\/index.php\/wp-json\/wp\/v2\/comments?post=21423"}],"version-history":[{"count":1,"href":"https:\/\/atreveteacomprar.com\/index.php\/wp-json\/wp\/v2\/product\/21423\/revisions"}],"predecessor-version":[{"id":21429,"href":"https:\/\/atreveteacomprar.com\/index.php\/wp-json\/wp\/v2\/product\/21423\/revisions\/21429"}],"wp:featuredmedia":[{"embeddable":true,"href":"https:\/\/atreveteacomprar.com\/index.php\/wp-json\/wp\/v2\/media\/21424"}],"wp:attachment":[{"href":"https:\/\/atreveteacomprar.com\/index.php\/wp-json\/wp\/v2\/media?parent=21423"}],"wp:term":[{"taxonomy":"product_brand","embeddable":true,"href":"https:\/\/atreveteacomprar.com\/index.php\/wp-json\/wp\/v2\/product_brand?post=21423"},{"taxonomy":"product_cat","embeddable":true,"href":"https:\/\/atreveteacomprar.com\/index.php\/wp-json\/wp\/v2\/product_cat?post=21423"},{"taxonomy":"product_tag","embeddable":true,"href":"https:\/\/atreveteacomprar.com\/index.php\/wp-json\/wp\/v2\/product_tag?post=21423"}],"curies":[{"name":"wp","href":"https:\/\/api.w.org\/{rel}","templated":true}]}}