{"id":21442,"date":"2025-08-14T16:19:29","date_gmt":"2025-08-14T16:19:29","guid":{"rendered":"https:\/\/atreveteacomprar.com\/?post_type=product&#038;p=21442"},"modified":"2025-09-06T18:04:49","modified_gmt":"2025-09-06T23:04:49","slug":"oppo-a5-5g-256gb-8ram","status":"publish","type":"product","link":"https:\/\/atreveteacomprar.com\/index.php\/producto\/oppo-a5-5g-256gb-8ram\/","title":{"rendered":"oppo A5 5g 256gb-8ram"},"content":{"rendered":"<p>El OPPO A5 Verde es el celular que se adapta a tu ritmo. Su bater\u00eda con carga r\u00e1pida te acompa\u00f1a todo el d\u00eda y conserva el 80% de su capacidad hasta por 5 a\u00f1os. Con pantalla ultrabrillante y un modo exterior, disfrutas de un sonido potente, una conexi\u00f3n m\u00e1s estable y mejor visibilidad, incluso bajo el sol. Adem\u00e1s, su resistencia al polvo y agua te permiten vivir el d\u00eda a d\u00eda sin preocupaciones. Un tel\u00e9fono resistente, ideal para cualquier situaci\u00f3n. \u00a1Adquiere tu celular aqu\u00ed!<\/p>\n<ul class=\"tab-details__keyFeatures--list\">\n<li class=\"tab-details__keyFeatures--item\">Enfoca, elimina personas y mejora la calidad de tus fotograf\u00edas gracias a la inteligencia artificial<\/li>\n<li class=\"tab-details__keyFeatures--item\">Pantalla de 90Hz. Disfruta tu contenido de manera fluida<\/li>\n<li class=\"tab-details__keyFeatures--item\">Bateria para todo el dia de 6000mAh<\/li>\n<li class=\"tab-details__keyFeatures--item\">Pantalla m\u00e1s resistente gracias a Gorilla glass 7i Gen.<\/li>\n<\/ul>\n<div class=\"new-container__table__classifications___type__wrap\">\n<h3 class=\"new-container__table__classifications___type__title\">Almacenamiento y Procesamiento<\/h3>\n<div class=\"new-container__table__classifications___type \">\n<div class=\"new-container__table__classifications___type__item\">\n<div class=\"new-container__table__classifications___type__item_feature\">Memoria Interna<\/div>\n<div class=\"new-container__table__classifications___type__item_result\">256 GB<\/div>\n<\/div>\n<div class=\"new-container__table__classifications___type__item\">\n<div class=\"new-container__table__classifications___type__item_feature\">Memoria RAM<\/div>\n<div class=\"new-container__table__classifications___type__item_result\">4 GB<\/div>\n<\/div>\n<div class=\"new-container__table__classifications___type__item\">\n<div class=\"new-container__table__classifications___type__item_feature\">Memoria Expandible<\/div>\n<div class=\"new-container__table__classifications___type__item_result\">1000\u00a0 GB<\/div>\n<\/div>\n<div class=\"new-container__table__classifications___type__item\">\n<div class=\"new-container__table__classifications___type__item_feature\">Marca del Procesador<\/div>\n<div class=\"new-container__table__classifications___type__item_result\">Qualcomm<\/div>\n<\/div>\n<div class=\"new-container__table__classifications___type__item\">\n<div class=\"new-container__table__classifications___type__item_feature\">N\u00famero de N\u00facleos (m\u00e1s n\u00facleos m\u00e1s multitareas)<\/div>\n<div class=\"new-container__table__classifications___type__item_result\">8\u00a0 Nucleos<\/div>\n<\/div>\n<div class=\"new-container__table__classifications___type__item\">\n<div class=\"new-container__table__classifications___type__item_feature\">Velocidad del Procesador<\/div>\n<div class=\"new-container__table__classifications___type__item_result\">4&#215;2,1 GHz + 4&#215;1,8Ghz<\/div>\n<\/div>\n<div class=\"new-container__table__classifications___type__item\">\n<div class=\"new-container__table__classifications___type__item_feature\">Sistema Operativo<\/div>\n<div class=\"new-container__table__classifications___type__item_result\">Android<\/div>\n<\/div>\n<div class=\"new-container__table__classifications___type__item\">\n<div class=\"new-container__table__classifications___type__item_feature\">Version Sistema Operativo<\/div>\n<div class=\"new-container__table__classifications___type__item_result\">Android 15<\/div>\n<\/div>\n<\/div>\n<\/div>\n<div class=\"new-container__table__classifications___type__wrap\">\n<h3 class=\"new-container__table__classifications___type__title\">C\u00e1mara<\/h3>\n<div class=\"new-container__table__classifications___type \">\n<div class=\"new-container__table__classifications___type__item\">\n<div class=\"new-container__table__classifications___type__item_feature\">Tipo de Camara Frontal<\/div>\n<div class=\"new-container__table__classifications___type__item_result\">Sencilla<\/div>\n<\/div>\n<div class=\"new-container__table__classifications___type__item\">\n<div class=\"new-container__table__classifications___type__item_feature\">Resolucion Camara Frontal 1<\/div>\n<div class=\"new-container__table__classifications___type__item_result\">5\u00a0 Mpx<\/div>\n<\/div>\n<div class=\"new-container__table__classifications___type__item\">\n<div class=\"new-container__table__classifications___type__item_feature\">Tipo de Camara Posterior<\/div>\n<div class=\"new-container__table__classifications___type__item_result\">Dual<\/div>\n<\/div>\n<div class=\"new-container__table__classifications___type__item\">\n<div class=\"new-container__table__classifications___type__item_feature\">Resolucion Camara Posterior 1<\/div>\n<div class=\"new-container__table__classifications___type__item_result\">50\u00a0 Mpx<\/div>\n<\/div>\n<div class=\"new-container__table__classifications___type__item\">\n<div class=\"new-container__table__classifications___type__item_feature\">Resolucion Otras Camaras Posteriores<\/div>\n<div class=\"new-container__table__classifications___type__item_result\">2MPX<\/div>\n<\/div>\n<div class=\"new-container__table__classifications___type__item\">\n<div class=\"new-container__table__classifications___type__item_feature\">Flash Frontal<\/div>\n<div class=\"new-container__table__classifications___type__item_result\">No Tiene Flash Frontal<\/div>\n<\/div>\n<div class=\"new-container__table__classifications___type__item\">\n<div class=\"new-container__table__classifications___type__item_feature\">Flash Posterior<\/div>\n<div class=\"new-container__table__classifications___type__item_result\">SI Tiene Flash Posterior<\/div>\n<\/div>\n<div class=\"new-container__table__classifications___type__item new-container__table__classifications___type__item--void\">\n<div class=\"new-container__table__classifications___type__item_feature\"><\/div>\n<\/div>\n<\/div>\n<\/div>\n","protected":false},"excerpt":{"rendered":"<ul class=\"tab-details__keyFeatures--list\">\n<li class=\"tab-details__keyFeatures--item\">Enfoca, elimina personas y mejora la calidad de tus fotograf\u00edas gracias a la inteligencia artificial<\/li>\n<li class=\"tab-details__keyFeatures--item\">Pantalla de 90Hz. Disfruta tu contenido de manera fluida<\/li>\n<li class=\"tab-details__keyFeatures--item\">Bateria para todo el dia de 6000mAh<\/li>\n<li class=\"tab-details__keyFeatures--item\">Pantalla m\u00e1s resistente gracias a Gorilla glass 7i Gen.<\/li>\n<\/ul>\n","protected":false},"featured_media":21449,"comment_status":"open","ping_status":"closed","template":"","meta":[],"product_brand":[137],"product_cat":[124,136],"product_tag":[149],"class_list":{"0":"post-21442","1":"product","2":"type-product","3":"status-publish","4":"has-post-thumbnail","6":"product_brand-celulares-oppo","7":"product_cat-celulares","8":"product_cat-celulares-oppo","9":"product_tag-celulares-oppo","11":"first","12":"instock","13":"shipping-taxable","14":"purchasable","15":"product-type-simple"},"_links":{"self":[{"href":"https:\/\/atreveteacomprar.com\/index.php\/wp-json\/wp\/v2\/product\/21442","targetHints":{"allow":["GET"]}}],"collection":[{"href":"https:\/\/atreveteacomprar.com\/index.php\/wp-json\/wp\/v2\/product"}],"about":[{"href":"https:\/\/atreveteacomprar.com\/index.php\/wp-json\/wp\/v2\/types\/product"}],"replies":[{"embeddable":true,"href":"https:\/\/atreveteacomprar.com\/index.php\/wp-json\/wp\/v2\/comments?post=21442"}],"version-history":[{"count":1,"href":"https:\/\/atreveteacomprar.com\/index.php\/wp-json\/wp\/v2\/product\/21442\/revisions"}],"predecessor-version":[{"id":21453,"href":"https:\/\/atreveteacomprar.com\/index.php\/wp-json\/wp\/v2\/product\/21442\/revisions\/21453"}],"wp:featuredmedia":[{"embeddable":true,"href":"https:\/\/atreveteacomprar.com\/index.php\/wp-json\/wp\/v2\/media\/21449"}],"wp:attachment":[{"href":"https:\/\/atreveteacomprar.com\/index.php\/wp-json\/wp\/v2\/media?parent=21442"}],"wp:term":[{"taxonomy":"product_brand","embeddable":true,"href":"https:\/\/atreveteacomprar.com\/index.php\/wp-json\/wp\/v2\/product_brand?post=21442"},{"taxonomy":"product_cat","embeddable":true,"href":"https:\/\/atreveteacomprar.com\/index.php\/wp-json\/wp\/v2\/product_cat?post=21442"},{"taxonomy":"product_tag","embeddable":true,"href":"https:\/\/atreveteacomprar.com\/index.php\/wp-json\/wp\/v2\/product_tag?post=21442"}],"curies":[{"name":"wp","href":"https:\/\/api.w.org\/{rel}","templated":true}]}}