{"id":21463,"date":"2025-08-20T01:35:21","date_gmt":"2025-08-20T01:35:21","guid":{"rendered":"https:\/\/atreveteacomprar.com\/?post_type=product&#038;p=21463"},"modified":"2025-09-06T18:08:59","modified_gmt":"2025-09-06T23:08:59","slug":"tecno-pova-7-256gb-8gb-ram-4g","status":"publish","type":"product","link":"https:\/\/atreveteacomprar.com\/index.php\/producto\/tecno-pova-7-256gb-8gb-ram-4g\/","title":{"rendered":"Tecno Pova 7 256Gb 8Gb Ram &#8211; 4G"},"content":{"rendered":"<ul class=\"jsx-2794857728\">\n<li class=\"jsx-2794857728\"><b>Tecno Pova 7 256GB 16RAM (8 GB + 8 GB adicionales)<\/b>\n<p>Carga Menos, juega mas<\/p>\n<p><b>CARACTER\u00cdSTICAS PRINCIPALES:\u00a0<\/b><\/p>\n<p>&#8211; Equipo totalmente nuevo en caja cerrada.<\/p>\n<p>&#8211; Libre de f\u00e1brica para cualquier compa\u00f1\u00eda.<\/p>\n<p>&#8211; Procesador: MediaTek Helio G100 Ultimate<\/p>\n<p>&#8211; Lector de huellas en lateral<\/p>\n<p>&#8211; Control remoto por infrarrojos &#8211; Sensor de luz<\/p>\n<p>&#8211; Dolby Atmos<\/p>\n<p>&#8211; Pantalla: 6.78\u201d FHD+ IPS LCD<\/p>\n<p>-Corning Gorilla Glass 5<\/p>\n<p>&#8211; Resoluci\u00f3n: 1080 x 2460 pixeles<\/p>\n<p>&#8211; Pantalla con tasa de refresco a 120Hz<\/p>\n<p>&#8211; Memoria Interna de 256GB<\/p>\n<p>&#8211; Memoria RAM de 8 GB (+8GB extendido)<\/p>\n<p>&#8211; C\u00e1mara Trasera 108MP + 2 MP<\/p>\n<p>&#8211; C\u00e1mara Frontal: 8 MP<\/p>\n<p>&#8211; Puerto carga Tipo C<\/p>\n<p>-IP64<\/p>\n<p>-Jack 3.5<\/p>\n<p>&#8211; Sistema operativo: Android 15. HiOS 15.1<\/p>\n<p>-Tecno AI<\/p>\n<p>&#8211; Nano SIM + Nano SIM<\/p>\n<p>&#8211; 4G<\/p>\n<p>-El primer modelo de POVA con enlaces de servicio fuera de l\u00ednea.<\/p>\n<p>Puede enviar y recibir mensajes, as\u00ed como realizar llamadas telef\u00f3nicas dentro de un alcance de 500 metros en zonas sin se\u00f1al.<\/p>\n<p>&#8211; Wi-Fi 6<\/p>\n<p>-Bluetooth 5.4<\/p>\n<p>\u2013 FM- GPS \u2013 NFC<\/p>\n<p>&#8211; Bater\u00eda integrada de 7000 mAh<\/p>\n<p>&#8211; Carga Super r\u00e1pida 45W.<\/p>\n<p>&#8211; Motor de juegos Hyper.<\/p>\n<p>&#8211; Garant\u00eda: 1 A\u00f1o con fabricante.<\/p>\n<p>Contenido del paquete:<\/p>\n<p>Celular \/ Cable USB tipo C\/ Cargador de 45W tipo Europeo (NO incluye adaptador) \/ Herramienta de extracci\u00f3n para la SIM \/ Forro simple \/ Gu\u00eda del usuario \/ Factura \/ Garant\u00eda.<\/li>\n<\/ul>\n","protected":false},"excerpt":{"rendered":"<p>Tecno Pova 7 256GB 16RAM (8 GB + 8 GB adicionales) Carga Menos, juega mas CARACTER\u00cdSTICAS PRINCIPALES:\u00a0 &#8211; Equipo totalmente<\/p>\n","protected":false},"featured_media":21470,"comment_status":"open","ping_status":"closed","template":"","meta":[],"product_brand":[89],"product_cat":[124,111],"product_tag":[145],"class_list":{"0":"post-21463","1":"product","2":"type-product","3":"status-publish","4":"has-post-thumbnail","6":"product_brand-celulares-tecno","7":"product_cat-celulares","8":"product_cat-celulares-tecno","9":"product_tag-celulares-tecno","11":"first","12":"instock","13":"sale","14":"shipping-taxable","15":"purchasable","16":"product-type-simple"},"_links":{"self":[{"href":"https:\/\/atreveteacomprar.com\/index.php\/wp-json\/wp\/v2\/product\/21463","targetHints":{"allow":["GET"]}}],"collection":[{"href":"https:\/\/atreveteacomprar.com\/index.php\/wp-json\/wp\/v2\/product"}],"about":[{"href":"https:\/\/atreveteacomprar.com\/index.php\/wp-json\/wp\/v2\/types\/product"}],"replies":[{"embeddable":true,"href":"https:\/\/atreveteacomprar.com\/index.php\/wp-json\/wp\/v2\/comments?post=21463"}],"version-history":[{"count":1,"href":"https:\/\/atreveteacomprar.com\/index.php\/wp-json\/wp\/v2\/product\/21463\/revisions"}],"predecessor-version":[{"id":21478,"href":"https:\/\/atreveteacomprar.com\/index.php\/wp-json\/wp\/v2\/product\/21463\/revisions\/21478"}],"wp:featuredmedia":[{"embeddable":true,"href":"https:\/\/atreveteacomprar.com\/index.php\/wp-json\/wp\/v2\/media\/21470"}],"wp:attachment":[{"href":"https:\/\/atreveteacomprar.com\/index.php\/wp-json\/wp\/v2\/media?parent=21463"}],"wp:term":[{"taxonomy":"product_brand","embeddable":true,"href":"https:\/\/atreveteacomprar.com\/index.php\/wp-json\/wp\/v2\/product_brand?post=21463"},{"taxonomy":"product_cat","embeddable":true,"href":"https:\/\/atreveteacomprar.com\/index.php\/wp-json\/wp\/v2\/product_cat?post=21463"},{"taxonomy":"product_tag","embeddable":true,"href":"https:\/\/atreveteacomprar.com\/index.php\/wp-json\/wp\/v2\/product_tag?post=21463"}],"curies":[{"name":"wp","href":"https:\/\/api.w.org\/{rel}","templated":true}]}}