{"id":21488,"date":"2025-08-20T02:14:22","date_gmt":"2025-08-20T02:14:22","guid":{"rendered":"https:\/\/atreveteacomprar.com\/?post_type=product&#038;p=21488"},"modified":"2025-09-06T18:08:59","modified_gmt":"2025-09-06T23:08:59","slug":"tecno-pova-7-pro-256gb-8ram-5g","status":"publish","type":"product","link":"https:\/\/atreveteacomprar.com\/index.php\/producto\/tecno-pova-7-pro-256gb-8ram-5g\/","title":{"rendered":"Tecno Pova 7 PRO 256gb 8ram &#8211; 5G"},"content":{"rendered":"<p>Tecno Pova 7 Pro es un m\u00f3vil \/ celular con unas dimensiones de 163.5 x 75.9 x 8.2 mm (6.44 x 2.99 x 0.32 in), un peso de 195 gramos, un tama\u00f1o de pantalla de 6.78 pulgadas, 111.0 cm2 (~89.4% ratio pantalla-cuerpo) y una resoluci\u00f3n de pantalla de 1224 x 2720 p\u00edxeles, 20:9 ratio (~440 ppi densidad).<\/p>\n<p>Dispone de un procesador Octa-core (4&#215;2.5 GHz Cortex-A78 &amp; 4&#215;2.0 GHz Cortex-A55), una gr\u00e1fica (GPU) Mali-G615 MC2, una memoria RAM de 8\/12 GB y una memoria interna de 128 GB 8 GB RAM, 256 GB 8 GB RAM, 256 GB 12 GB RAM no ampliable mediante tarjeta de memoria externa.<\/p>\n<p>El Tecno Pova 7 Pro viene de f\u00e1brica con el sistema operativo Android 15, HIOS 15.<\/p>\n<table class=\"table table-striped infotable\">\n<tbody>\n<tr>\n<th>Propiedad<\/th>\n<th>Valor<\/th>\n<\/tr>\n<tr>\n<td>Marca<\/td>\n<td>Tecno<\/td>\n<\/tr>\n<tr>\n<td>Modelo<\/td>\n<td>Pova 7 Pro<\/td>\n<\/tr>\n<\/tbody>\n<\/table>\n<table class=\"table table-striped infotable\">\n<tbody>\n<tr>\n<th colspan=\"2\">Conectividad<a name=\"item1\"><\/a><\/th>\n<\/tr>\n<tr>\n<td>Red<\/td>\n<td>GSM \/ HSPA \/ LTE \/ 5G<\/td>\n<\/tr>\n<tr>\n<td>Conectividad 2G<\/td>\n<td>GSM 850 \/ 900 \/ 1800 \/ 1900<\/td>\n<\/tr>\n<tr>\n<td>Conectividad 3G<\/td>\n<td>HSDPA 850 \/ 900 \/ 2100<\/td>\n<\/tr>\n<tr>\n<td>Conectividad 4G<\/td>\n<td>LTE<\/td>\n<\/tr>\n<tr>\n<td>Conectividad 5G<\/td>\n<td>SA\/NSA<\/td>\n<\/tr>\n<tr>\n<td>Velocidad de red<\/td>\n<td>HSPA, LTE, 5G<\/td>\n<\/tr>\n<\/tbody>\n<\/table>\n","protected":false},"excerpt":{"rendered":"<p>Tecno Pova 7 Pro es un m\u00f3vil \/ celular con unas dimensiones de 163.5 x 75.9 x 8.2 mm (6.44 x 2.99 x 0.32 in), un peso de 195 gramos, un tama\u00f1o de pantalla de 6.78 pulgadas, 111.0 cm2 (~89.4% ratio pantalla-cuerpo) y una resoluci\u00f3n de pantalla de 1224 x 2720 p\u00edxeles, 20:9 ratio (~440 ppi densidad).<\/p>\n<p>Dispone de un procesador Octa-core (4&#215;2.5 GHz Cortex-A78 &amp; 4&#215;2.0 GHz Cortex-A55), una gr\u00e1fica (GPU) Mali-G615 MC2, una memoria RAM de 8\/12 GB y una memoria interna de 128 GB 8 GB RAM, 256 GB 8 GB RAM, 256 GB 12 GB RAM no ampliable mediante tarjeta de memoria externa.<\/p>\n<p>El Tecno Pova 7 Pro viene de f\u00e1brica con el sistema operativo Android 15, HIOS 15.<\/p>\n","protected":false},"featured_media":21486,"comment_status":"open","ping_status":"closed","template":"","meta":[],"product_brand":[89],"product_cat":[124,111],"product_tag":[145],"class_list":{"0":"post-21488","1":"product","2":"type-product","3":"status-publish","4":"has-post-thumbnail","6":"product_brand-celulares-tecno","7":"product_cat-celulares","8":"product_cat-celulares-tecno","9":"product_tag-celulares-tecno","11":"first","12":"instock","13":"sale","14":"shipping-taxable","15":"purchasable","16":"product-type-simple"},"_links":{"self":[{"href":"https:\/\/atreveteacomprar.com\/index.php\/wp-json\/wp\/v2\/product\/21488","targetHints":{"allow":["GET"]}}],"collection":[{"href":"https:\/\/atreveteacomprar.com\/index.php\/wp-json\/wp\/v2\/product"}],"about":[{"href":"https:\/\/atreveteacomprar.com\/index.php\/wp-json\/wp\/v2\/types\/product"}],"replies":[{"embeddable":true,"href":"https:\/\/atreveteacomprar.com\/index.php\/wp-json\/wp\/v2\/comments?post=21488"}],"version-history":[{"count":2,"href":"https:\/\/atreveteacomprar.com\/index.php\/wp-json\/wp\/v2\/product\/21488\/revisions"}],"predecessor-version":[{"id":21523,"href":"https:\/\/atreveteacomprar.com\/index.php\/wp-json\/wp\/v2\/product\/21488\/revisions\/21523"}],"wp:featuredmedia":[{"embeddable":true,"href":"https:\/\/atreveteacomprar.com\/index.php\/wp-json\/wp\/v2\/media\/21486"}],"wp:attachment":[{"href":"https:\/\/atreveteacomprar.com\/index.php\/wp-json\/wp\/v2\/media?parent=21488"}],"wp:term":[{"taxonomy":"product_brand","embeddable":true,"href":"https:\/\/atreveteacomprar.com\/index.php\/wp-json\/wp\/v2\/product_brand?post=21488"},{"taxonomy":"product_cat","embeddable":true,"href":"https:\/\/atreveteacomprar.com\/index.php\/wp-json\/wp\/v2\/product_cat?post=21488"},{"taxonomy":"product_tag","embeddable":true,"href":"https:\/\/atreveteacomprar.com\/index.php\/wp-json\/wp\/v2\/product_tag?post=21488"}],"curies":[{"name":"wp","href":"https:\/\/api.w.org\/{rel}","templated":true}]}}